{"id":2981,"date":"2013-05-10T10:35:04","date_gmt":"2013-05-10T08:35:04","guid":{"rendered":"https:\/\/elex.link\/elex2023\/?page_id=2981"},"modified":"2024-12-09T12:51:09","modified_gmt":"2024-12-09T10:51:09","slug":"skew4-workshop","status":"publish","type":"page","link":"https:\/\/elex.link\/elex2013\/skew4-workshop\/","title":{"rendered":"SKEW4 workshop"},"content":{"rendered":"<div class='flex_column av-28z0kl-1f03554119cdf9fb190c701dedfca8ec av_four_fifth  avia-builder-el-0  el_before_av_four_fifth  avia-builder-el-first  first flex_column_div '     ><section  class='av_textblock_section av-lhhkdn4y-fe539fb81eb39742e236400a543ef7b1'  itemscope=\"itemscope\" itemtype=\"https:\/\/schema.org\/CreativeWork\" ><div class='avia_textblock'  itemprop=\"text\" ><header class=\"entry-header\">\n<h1 class=\"entry-title\">SKEW4 workshop<\/h1>\n<\/header>\n<div class=\"entry-content\">\n<p>4th annual Sketch Engine workshop was timed to coincide with the conference. SKEW events are an opportunity for advanced users of the Sketch Engine and others interested in corpus NLP and corpus lexicography to keep abreast of new functionality, compare notes on how the tool can be used to greatest effect, and to discuss problems and possibilities with the development team.<\/p>\n<div>\n<p>The Sketch Engine is a leading corpus query system in use for lexicography and\u00a0linguistic\u00a0research at\u00a0dictionary\u00a0publishers including Oxford University Press, Cambridge University Press, Collins, Macmillan, Le Robert and Cornelsen, national language institutes in eight countries, and over one hundred universities world wide. \u00a0It\u2019s distinctive feature is the \u2018word\u00a0sketch\u2019, on one page\u00a0summary\u00a0of a word\u2019s grammatical and collocational behaviour. \u00a0The Sketch\u00a0Engine\u00a0web service includes very large, ready-to-use corpora for over sixty languages, including all the world\u2019s major languages,\u00a0and\u00a0facilities for uploading your own corpora and for building corpora from the web.<\/p>\n<\/div>\n<div>\n<p><strong>The<\/strong><strong>\u00a0workshop took place at the Institute of the Estonian Language.<\/strong><\/p>\n<\/div>\n<\/div>\n<\/div><\/section><\/div><div class='flex_column av-25yryt-aaed986a00b47cc4ac75837bb6bfa2c6 av_four_fifth  avia-builder-el-2  el_after_av_four_fifth  avia-builder-el-last  first flex_column_div '     ><section  class='av_textblock_section av-m3yk6z2d-0adcc9e8d8f55540490013cfd9debb71'  itemscope=\"itemscope\" itemtype=\"https:\/\/schema.org\/CreativeWork\" ><div class='avia_textblock'  itemprop=\"text\" ><header class=\"entry-header\">\n<h1 class=\"entry-title\">SKEW-4: Programme<\/h1>\n<\/header>\n<div class=\"entry-content\">\n<h3 id=\"TallinnEstonia\">Tallinn, Estonia<\/h3>\n<h3 id=\"Wednesday16thOctober2013\">Wednesday 16th October, 2013<\/h3>\n<table class=\"wiki\">\n<tbody>\n<tr>\n<td>8.45<\/td>\n<td>Registration<\/td>\n<\/tr>\n<tr>\n<td><\/td>\n<td><\/td>\n<\/tr>\n<tr>\n<td>9.15<\/td>\n<td>Welcome, overview of day<\/td>\n<\/tr>\n<tr>\n<td><\/td>\n<td><em>Adam Kilgarriff<\/em><\/td>\n<\/tr>\n<tr>\n<td><\/td>\n<td><\/td>\n<\/tr>\n<tr>\n<td>9.35<\/td>\n<td>Virtual corpora and subcorpora<\/td>\n<\/tr>\n<tr>\n<td><\/td>\n<td><em>Pavel Rychl\u00fd<\/em><\/td>\n<\/tr>\n<tr>\n<td><\/td>\n<td><\/td>\n<\/tr>\n<tr>\n<td>9.55<\/td>\n<td>Scaling to 10 billion+ corpora<\/td>\n<\/tr>\n<tr>\n<td><\/td>\n<td><em>Milo\u0161 Jakub\u00ed\u010dek<\/em><\/td>\n<\/tr>\n<tr>\n<td><\/td>\n<td><\/td>\n<\/tr>\n<tr>\n<td>10.15<\/td>\n<td>Sketch Engine infrastructure, support and customer services<\/td>\n<\/tr>\n<tr>\n<td><\/td>\n<td><em>Jan Bu\u0161ta<\/em><\/td>\n<\/tr>\n<tr>\n<td><\/td>\n<td><\/td>\n<\/tr>\n<tr>\n<td>10.35<\/td>\n<td>Parallel corpora: data, architecture, functionality<\/td>\n<\/tr>\n<tr>\n<td><\/td>\n<td><em>Jan Michelfeit<\/em><\/td>\n<\/tr>\n<tr>\n<td><\/td>\n<td><\/td>\n<\/tr>\n<tr>\n<td>11.00<\/td>\n<td><strong><em>Coffee break<\/em><\/strong><\/td>\n<\/tr>\n<tr>\n<td><\/td>\n<td><\/td>\n<\/tr>\n<tr>\n<td>11.20<\/td>\n<td>Sketching Words in Comparable Corpora\u00a0&#8212;\u00a0presentation\u00a0&#8212;\u00a0handouts<\/td>\n<\/tr>\n<tr>\n<td><\/td>\n<td><em>Vladim\u00edr Benko, Bratislava<\/em><\/td>\n<\/tr>\n<tr>\n<td><\/td>\n<td><\/td>\n<\/tr>\n<tr>\n<td>11.45<\/td>\n<td>Adapting the Sketch Engine interface for the purposes of an error corpus\u00a0&#8212;\u00a0presentation<\/td>\n<\/tr>\n<tr>\n<td><\/td>\n<td><em>Iztok Kosem, Ljubljana<\/em><\/td>\n<\/tr>\n<tr>\n<td><\/td>\n<td><\/td>\n<\/tr>\n<tr>\n<td>12.10<\/td>\n<td>Automatic extraction of data: Slovenian case revisited\u00a0&#8212;\u00a0presentation<\/td>\n<\/tr>\n<tr>\n<td><\/td>\n<td><em>Iztok Kosem, Simon Krek and Polona Gantar, Ljubljana<\/em><\/td>\n<\/tr>\n<tr>\n<td><\/td>\n<td><\/td>\n<\/tr>\n<tr>\n<td>12.35<\/td>\n<td><em><strong>Lunch<\/strong><\/em><\/td>\n<\/tr>\n<tr>\n<td><\/td>\n<td><\/td>\n<\/tr>\n<tr>\n<td>14.00<\/td>\n<td>Terminology-finding in the Sketch Engine<\/td>\n<\/tr>\n<tr>\n<td><\/td>\n<td><em>Adam Kilgarriff<\/em><\/td>\n<\/tr>\n<tr>\n<td><\/td>\n<td><\/td>\n<\/tr>\n<tr>\n<td>14.25<\/td>\n<td>Teaching and Learning Medical English Using Corpus Resources<\/td>\n<\/tr>\n<tr>\n<td><\/td>\n<td><em>Francesca Ripamonti, Milan<\/em><\/td>\n<\/tr>\n<tr>\n<td><\/td>\n<td><\/td>\n<\/tr>\n<tr>\n<td>14.50<\/td>\n<td>New features in the Sketch Engine interface\u00a0part 1\u00a0part 2<\/td>\n<\/tr>\n<tr>\n<td><\/td>\n<td><em>Vojt\u011bch Kov\u00e1\u0159, V\u00edt Baisa<\/em><\/td>\n<\/tr>\n<tr>\n<td><\/td>\n<td><\/td>\n<\/tr>\n<tr>\n<td>15.30<\/td>\n<td><strong><em>Coffee Break<\/em><\/strong><\/td>\n<\/tr>\n<tr>\n<td><\/td>\n<td><\/td>\n<\/tr>\n<tr>\n<td>15.50<\/td>\n<td><span class=\"icon\">\u200b<\/span>SKELT (Sketch Engine for ELT)<\/td>\n<\/tr>\n<tr>\n<td><\/td>\n<td><em>Adam Kilgarriff<\/em><\/td>\n<\/tr>\n<tr>\n<td><\/td>\n<td><\/td>\n<\/tr>\n<tr>\n<td>16.00<\/td>\n<td>New features in Corpus Architect<\/td>\n<\/tr>\n<tr>\n<td><\/td>\n<td><em>V\u00edt Suchomel<\/em><\/td>\n<\/tr>\n<tr>\n<td><\/td>\n<td><\/td>\n<\/tr>\n<tr>\n<td>16.20<\/td>\n<td>Discussion, future developments<\/td>\n<\/tr>\n<tr>\n<td><\/td>\n<td><em>All<\/em><\/td>\n<\/tr>\n<tr>\n<td><\/td>\n<td><\/td>\n<\/tr>\n<tr>\n<td>17.00<\/td>\n<td>End<\/td>\n<\/tr>\n<tr>\n<td><\/td>\n<td><\/td>\n<\/tr>\n<tr>\n<td><\/td>\n<td><\/td>\n<\/tr>\n<tr>\n<td>19.30<\/td>\n<td><em><strong>Dinner<\/strong><\/em><\/td>\n<\/tr>\n<tr>\n<td><\/td>\n<td><\/td>\n<\/tr>\n<\/tbody>\n<\/table>\n<div><\/div>\n<\/div>\n<\/div><\/section><\/div><\/p>\n","protected":false},"excerpt":{"rendered":"","protected":false},"author":1,"featured_media":0,"parent":0,"menu_order":0,"comment_status":"closed","ping_status":"closed","template":"","meta":{"footnotes":""},"class_list":["post-2981","page","type-page","status-publish","hentry"],"yoast_head":"<!-- This site is optimized with the Yoast SEO plugin v27.4 - https:\/\/yoast.com\/product\/yoast-seo-wordpress\/ -->\n<title>SKEW4 workshop - eLex 2013<\/title>\n<meta name=\"robots\" content=\"index, follow, max-snippet:-1, max-image-preview:large, max-video-preview:-1\" \/>\n<link rel=\"canonical\" href=\"https:\/\/elex.link\/elex2013\/skew4-workshop\/\" \/>\n<meta property=\"og:locale\" content=\"en_US\" \/>\n<meta property=\"og:type\" content=\"article\" \/>\n<meta property=\"og:title\" content=\"SKEW4 workshop - eLex 2013\" \/>\n<meta property=\"og:url\" content=\"https:\/\/elex.link\/elex2013\/skew4-workshop\/\" \/>\n<meta property=\"og:site_name\" content=\"eLex 2013\" \/>\n<meta property=\"article:publisher\" content=\"https:\/\/www.facebook.com\/elexconference\/\" \/>\n<meta property=\"article:modified_time\" content=\"2024-12-09T10:51:09+00:00\" \/>\n<meta name=\"twitter:card\" content=\"summary_large_image\" \/>\n<meta name=\"twitter:site\" content=\"@elex_conference\" \/>\n<meta name=\"twitter:label1\" content=\"Est. reading time\" \/>\n\t<meta name=\"twitter:data1\" content=\"2 minutes\" \/>\n<script type=\"application\/ld+json\" class=\"yoast-schema-graph\">{\"@context\":\"https:\\\/\\\/schema.org\",\"@graph\":[{\"@type\":\"WebPage\",\"@id\":\"https:\\\/\\\/elex.link\\\/elex2013\\\/skew4-workshop\\\/\",\"url\":\"https:\\\/\\\/elex.link\\\/elex2013\\\/skew4-workshop\\\/\",\"name\":\"SKEW4 workshop - eLex 2013\",\"isPartOf\":{\"@id\":\"https:\\\/\\\/elex.link\\\/elex2013\\\/#website\"},\"datePublished\":\"2013-05-10T08:35:04+00:00\",\"dateModified\":\"2024-12-09T10:51:09+00:00\",\"breadcrumb\":{\"@id\":\"https:\\\/\\\/elex.link\\\/elex2013\\\/skew4-workshop\\\/#breadcrumb\"},\"inLanguage\":\"en-US\",\"potentialAction\":[{\"@type\":\"ReadAction\",\"target\":[\"https:\\\/\\\/elex.link\\\/elex2013\\\/skew4-workshop\\\/\"]}]},{\"@type\":\"BreadcrumbList\",\"@id\":\"https:\\\/\\\/elex.link\\\/elex2013\\\/skew4-workshop\\\/#breadcrumb\",\"itemListElement\":[{\"@type\":\"ListItem\",\"position\":1,\"name\":\"Home\",\"item\":\"https:\\\/\\\/elex.link\\\/elex2013\\\/\"},{\"@type\":\"ListItem\",\"position\":2,\"name\":\"SKEW4 workshop\"}]},{\"@type\":\"WebSite\",\"@id\":\"https:\\\/\\\/elex.link\\\/elex2013\\\/#website\",\"url\":\"https:\\\/\\\/elex.link\\\/elex2013\\\/\",\"name\":\"eLex 2023\",\"description\":\"electronic lexicography in the 21st century\",\"publisher\":{\"@id\":\"https:\\\/\\\/elex.link\\\/elex2013\\\/#organization\"},\"potentialAction\":[{\"@type\":\"SearchAction\",\"target\":{\"@type\":\"EntryPoint\",\"urlTemplate\":\"https:\\\/\\\/elex.link\\\/elex2013\\\/?s={search_term_string}\"},\"query-input\":{\"@type\":\"PropertyValueSpecification\",\"valueRequired\":true,\"valueName\":\"search_term_string\"}}],\"inLanguage\":\"en-US\"},{\"@type\":\"Organization\",\"@id\":\"https:\\\/\\\/elex.link\\\/elex2013\\\/#organization\",\"name\":\"electronic lexicography in the 21st century\",\"url\":\"https:\\\/\\\/elex.link\\\/elex2013\\\/\",\"logo\":{\"@type\":\"ImageObject\",\"inLanguage\":\"en-US\",\"@id\":\"https:\\\/\\\/elex.link\\\/elex2013\\\/#\\\/schema\\\/logo\\\/image\\\/\",\"url\":\"https:\\\/\\\/elex.link\\\/elex2023\\\/wp-content\\\/uploads\\\/eLex_2023_logo340x303.png\",\"contentUrl\":\"https:\\\/\\\/elex.link\\\/elex2023\\\/wp-content\\\/uploads\\\/eLex_2023_logo340x303.png\",\"width\":340,\"height\":290,\"caption\":\"electronic lexicography in the 21st century\"},\"image\":{\"@id\":\"https:\\\/\\\/elex.link\\\/elex2013\\\/#\\\/schema\\\/logo\\\/image\\\/\"},\"sameAs\":[\"https:\\\/\\\/www.facebook.com\\\/elexconference\\\/\",\"https:\\\/\\\/x.com\\\/elex_conference\"]}]}<\/script>\n<!-- \/ Yoast SEO plugin. -->","yoast_head_json":{"title":"SKEW4 workshop - eLex 2013","robots":{"index":"index","follow":"follow","max-snippet":"max-snippet:-1","max-image-preview":"max-image-preview:large","max-video-preview":"max-video-preview:-1"},"canonical":"https:\/\/elex.link\/elex2013\/skew4-workshop\/","og_locale":"en_US","og_type":"article","og_title":"SKEW4 workshop - eLex 2013","og_url":"https:\/\/elex.link\/elex2013\/skew4-workshop\/","og_site_name":"eLex 2013","article_publisher":"https:\/\/www.facebook.com\/elexconference\/","article_modified_time":"2024-12-09T10:51:09+00:00","twitter_card":"summary_large_image","twitter_site":"@elex_conference","twitter_misc":{"Est. reading time":"2 minutes"},"schema":{"@context":"https:\/\/schema.org","@graph":[{"@type":"WebPage","@id":"https:\/\/elex.link\/elex2013\/skew4-workshop\/","url":"https:\/\/elex.link\/elex2013\/skew4-workshop\/","name":"SKEW4 workshop - eLex 2013","isPartOf":{"@id":"https:\/\/elex.link\/elex2013\/#website"},"datePublished":"2013-05-10T08:35:04+00:00","dateModified":"2024-12-09T10:51:09+00:00","breadcrumb":{"@id":"https:\/\/elex.link\/elex2013\/skew4-workshop\/#breadcrumb"},"inLanguage":"en-US","potentialAction":[{"@type":"ReadAction","target":["https:\/\/elex.link\/elex2013\/skew4-workshop\/"]}]},{"@type":"BreadcrumbList","@id":"https:\/\/elex.link\/elex2013\/skew4-workshop\/#breadcrumb","itemListElement":[{"@type":"ListItem","position":1,"name":"Home","item":"https:\/\/elex.link\/elex2013\/"},{"@type":"ListItem","position":2,"name":"SKEW4 workshop"}]},{"@type":"WebSite","@id":"https:\/\/elex.link\/elex2013\/#website","url":"https:\/\/elex.link\/elex2013\/","name":"eLex 2023","description":"electronic lexicography in the 21st century","publisher":{"@id":"https:\/\/elex.link\/elex2013\/#organization"},"potentialAction":[{"@type":"SearchAction","target":{"@type":"EntryPoint","urlTemplate":"https:\/\/elex.link\/elex2013\/?s={search_term_string}"},"query-input":{"@type":"PropertyValueSpecification","valueRequired":true,"valueName":"search_term_string"}}],"inLanguage":"en-US"},{"@type":"Organization","@id":"https:\/\/elex.link\/elex2013\/#organization","name":"electronic lexicography in the 21st century","url":"https:\/\/elex.link\/elex2013\/","logo":{"@type":"ImageObject","inLanguage":"en-US","@id":"https:\/\/elex.link\/elex2013\/#\/schema\/logo\/image\/","url":"https:\/\/elex.link\/elex2023\/wp-content\/uploads\/eLex_2023_logo340x303.png","contentUrl":"https:\/\/elex.link\/elex2023\/wp-content\/uploads\/eLex_2023_logo340x303.png","width":340,"height":290,"caption":"electronic lexicography in the 21st century"},"image":{"@id":"https:\/\/elex.link\/elex2013\/#\/schema\/logo\/image\/"},"sameAs":["https:\/\/www.facebook.com\/elexconference\/","https:\/\/x.com\/elex_conference"]}]}},"_links":{"self":[{"href":"https:\/\/elex.link\/elex2013\/wp-json\/wp\/v2\/pages\/2981","targetHints":{"allow":["GET"]}}],"collection":[{"href":"https:\/\/elex.link\/elex2013\/wp-json\/wp\/v2\/pages"}],"about":[{"href":"https:\/\/elex.link\/elex2013\/wp-json\/wp\/v2\/types\/page"}],"author":[{"embeddable":true,"href":"https:\/\/elex.link\/elex2013\/wp-json\/wp\/v2\/users\/1"}],"replies":[{"embeddable":true,"href":"https:\/\/elex.link\/elex2013\/wp-json\/wp\/v2\/comments?post=2981"}],"version-history":[{"count":8,"href":"https:\/\/elex.link\/elex2013\/wp-json\/wp\/v2\/pages\/2981\/revisions"}],"predecessor-version":[{"id":3949,"href":"https:\/\/elex.link\/elex2013\/wp-json\/wp\/v2\/pages\/2981\/revisions\/3949"}],"wp:attachment":[{"href":"https:\/\/elex.link\/elex2013\/wp-json\/wp\/v2\/media?parent=2981"}],"curies":[{"name":"wp","href":"https:\/\/api.w.org\/{rel}","templated":true}]}}