{"id":331,"date":"2015-07-26T20:40:36","date_gmt":"2015-07-26T20:40:36","guid":{"rendered":"https:\/\/elex.link\/elex2015\/?page_id=331"},"modified":"2015-08-17T14:29:27","modified_gmt":"2015-08-17T14:29:27","slug":"proceedings-impressum","status":"publish","type":"page","link":"https:\/\/elex.link\/elex2015\/proceedings-impressum\/","title":{"rendered":"Proceedings-impressum"},"content":{"rendered":"<h2>Impressum<\/h2>\n<div><strong>Title:<\/strong> Electronic lexicography in the 21st century: linking lexical\u00a0data in the digital age.<\/div>\n<div style=\"margin-left: 44px;\">Proceedings of the eLex 2015 conference, 11-13 August 2015, Herstmonceux Castle, United Kingdom.<\/div>\n<p>&nbsp;<\/p>\n<div><strong>Editors:<\/strong><\/div>\n<ul style=\"padding-top: 0px;\">\n<li>Iztok Kosem<\/li>\n<li>Milo\u0161 Jakub\u00ed\u010dek<\/li>\n<li>Jelena Kallas<\/li>\n<li>Simon Krek<\/li>\n<\/ul>\n<div><strong>Publishers:<\/strong><\/div>\n<ul style=\"padding-top: 0px;\">\n<li>Trojina, Institute for Applied Slovene Studies (Ljubljana, Slovenia)<\/li>\n<li>Lexical Computing Ltd. (Brighton, United Kingdom)<\/li>\n<\/ul>\n<div><strong>Year of publication:<\/strong> 2015<\/div>\n<div><strong>ISBN:<\/strong> 978-961-93594-3-3<\/div>\n<div><strong>Language:<\/strong> English<\/div>\n<p>&nbsp;<\/p>\n<div><strong>Website:<\/strong><\/div>\n<ul style=\"padding-top: 0px;\">\n<li>URL: <a href=\"https:\/\/elex.link\/elex2015\/proceedings\/\" target=\"_blank\">https:\/\/elex.link\/elex2015\/proceedings\/<\/a><\/li>\n<li>Technical support: Iztok Kosem<\/li>\n<\/ul>\n<div><strong>Copyright:<\/strong><\/div>\n<ul style=\"padding-top: 0px;\">\n<li>Creative Commons Attribution ShareAlike 4.0 International License (<a href=\"http:\/\/creativecommons.org\/licenses\/by-sa\/4.0\/\" target=\"_blank\">http:\/\/creativecommons.org\/licenses\/by-sa\/4.0\/<\/a>)<\/li>\n<\/ul>\n<div><strong>Reviewers:<\/strong><\/div>\n<ul style=\"padding-top: 0px;\">\n<li>Andrea Abel (EURAC, Bolzano, Italy)<\/li>\n<li>\u0160pela Arhar Holdt (Trojina, Institute for Applied Slovene Studies, Slovenia)<\/li>\n<li>Nicoletta Calzolari (Istituto di Linguistica Computacionale del CNR, Pisa, Italy)<\/li>\n<li>Frantisek \u010cermak (Charles University, Prague, Czech Republic)<\/li>\n<li>Patrick Drouin (OLST, Universit\u00e9 de Montr\u00e9al, Canada)<\/li>\n<li>Darja Fi\u0161er (Faculty of Arts, University of Ljubljana, Slovenia)<\/li>\n<li>Thierry Fontenelle (Translation Centre for the Bodies of the EU, Luxembourg)<\/li>\n<li>Polona Gantar (Fran Ramov\u0161 Institute of the Slovenian language, Slovenia)<\/li>\n<li>Alexander Geyken (Berlin Brandenburg University, Germany)<\/li>\n<li>Patrick Hanks (University of the West of England, Bristol, UK)<\/li>\n<li>Ulrich Heid (Universit\u00e4t Hildesheim, Germany)<\/li>\n<li>Kris Heylen (KU Leuven, Belgium)<\/li>\n<li>Milo\u0161 Jakub\u00ed\u010dek (Lexical Computing Ltd., UK)<\/li>\n<li>Jelena Kallas (Institute of the Estonian Language, Estonia)<\/li>\n<li>Ilan Kernerman (K Dictionaries, Israel)<\/li>\n<li>Adam Kilgarriff (Lexical Computing Ltd, UK)<\/li>\n<li>Annette Klosa (Institut f\u00fcr Deutsche Sprache, Mannheim, Germany)<\/li>\n<li>Koeva (Institute for Bulgarian language, Bolgaria)<\/li>\n<li>Iztok Kosem (Trojina, Institute for Applied Slovene Studies, Slovenia)<\/li>\n<li>Simon Krek (Jozef Stefan Institute, Slovenia)<\/li>\n<li>Margit Langemets (Institute of the Estonian Language, Estonia)<\/li>\n<li>Lothar Lemnitzer (Universit\u00e4t T\u00fcbingen, Germany)<\/li>\n<li>Robert Lew (AMU School of English, Poznan, Poland)<\/li>\n<li>Nikola Ljube\u0161i\u0107 (Faculty of Humanities and Social Sciences, Croatia)<\/li>\n<li>Henrik Lorentzen (Det Danske Sprog- og Litteraturselskab, Denmark)<\/li>\n<li>Amalia Mendes (Centre for Linguistics at the University of Lisbon, Portugal)<\/li>\n<li>Rosamund Moon (University of Birmingham, UK)<\/li>\n<li>Christine M\u00f6hrs (Institut f\u00fcr Deutsche Sprache, Mannheim, Germany)<\/li>\n<li>Carolin M\u00fcller-Spitzer (Institut f\u00fcr Deutsche Sprache, Mannheim, Germany)<\/li>\n<li>Vincent Ooi (National University of Singapore, Republic of Singapore)<\/li>\n<li>Magali Paquot (CECL, Universit\u00e9 catholique de Louvain, Belgium)<\/li>\n<li>Balint Sass (Research Institute for Linguistics, Budapest, Hungary)<\/li>\n<li>Kristina \u0160trkalj Despot (Institute of Croatian Language and Linguistics, Croatia)<\/li>\n<li>Arvi Tavast (Institute of the Estonian Language, Estonia)<\/li>\n<li>Carole Tiberius (Institute for Dutch Lexicology, Leiden, the Netherlands)<\/li>\n<li>Yukio Tono (Tokyo University of Foreign Studies, Japan)<\/li>\n<li>Lars Trap Jensen (Det Danske Sprog- og Litteraturselskab, Denmark)<\/li>\n<li>Agnes Tutin (LIDILEM, Universit\u00e9 Stendhal-Grenoble 3, France)<\/li>\n<li>Tamas Varadi (Research Institute for Linguistics, Hungary)<\/li>\n<li>Serge Verlinde (Katholieke Universiteit Leuven, Belgium)<\/li>\n<li>Piotr Zmigrodzki (Instytut Jezyka Polskiego PAN, Poland)<\/li>\n<\/ul>\n<div><strong>Proofreading:<\/strong><\/div>\n<ul style=\"padding-top: 0px;\">\n<li>Nikki Tagg Nama<\/li>\n<\/ul>\n<p>&#8212;&#8212;<\/p>\n<p>&#8212;&#8212;<\/p>\n<p><span style=\"color: black; line-height: 115%; font-family: 'Times New Roman','serif'; font-size: 12pt;\">CIP &#8211; cataloguing-in-publication<br \/>\n<\/span><span style=\"color: black; line-height: 115%; font-family: 'Times New Roman','serif'; font-size: 12pt;\">National and university library,\u00a0Ljubljana, Slovenia<\/span><\/p>\n<p>81&#8217;374:004.9(082)(0.034.2)<\/p>\n<p>ELEX Conference (2015 ; Herstmonceux)<br \/>\nElectronic lexicography in the 21st century [Elektronski vir] : linking lexical data in the digital age : proceedings of eLex 2015 Conference, 11-13 August 2015, Herstmonceux Castle, United Kingdom \/ editors Iztok Kosem &#8230; [et al.]. &#8211; El. knjiga. &#8211; Ljubljana : Trojina, Institute for Applied Slovene Studies ; Brighton : Lexical Computing, 2015<\/p>\n<p>Na\u010din dostopa (URL):\u00a0<a href=\"https:\/\/elex.link\/elex2015\/proceedings\/\"><span style=\"line-height: 115%; font-family: 'Times New Roman','serif'; font-size: 12pt;\"><u><span style=\"color: #0000ff;\">https:\/\/elex.link\/elex2015\/proceedings\/<\/span><\/u><\/span><\/a><span style=\"color: black; line-height: 115%; font-family: 'Times New Roman','serif'; font-size: 12pt;\">\u00a0<\/span><\/p>\n<p>ISBN 978-961-93594-3-3 (Trojina, pdf)<br \/>\n1. Gl. stv. nasl. 2. Kosem, Iztok<br \/>\n280722944<\/p>\n<p>&nbsp;<\/p>\n","protected":false},"excerpt":{"rendered":"<p>Impressum Title: Electronic lexicography in the 21st century: linking lexical\u00a0data in the digital age. Proceedings of the eLex 2015 conference, 11-13 August 2015, Herstmonceux Castle, United Kingdom. &nbsp; Editors: Iztok Kosem Milo\u0161 Jakub\u00ed\u010dek Jelena Kallas Simon Krek Publishers: Trojina, Institute &hellip; <a class=\"more-link\" href=\"https:\/\/elex.link\/elex2015\/proceedings-impressum\/\">Continue reading <span class=\"meta-nav\">&rarr;<\/span><\/a><\/p>\n","protected":false},"author":4,"featured_media":0,"parent":0,"menu_order":0,"comment_status":"closed","ping_status":"closed","template":"","meta":{"footnotes":""},"class_list":["post-331","page","type-page","status-publish","hentry"],"_links":{"self":[{"href":"https:\/\/elex.link\/elex2015\/wp-json\/wp\/v2\/pages\/331","targetHints":{"allow":["GET"]}}],"collection":[{"href":"https:\/\/elex.link\/elex2015\/wp-json\/wp\/v2\/pages"}],"about":[{"href":"https:\/\/elex.link\/elex2015\/wp-json\/wp\/v2\/types\/page"}],"author":[{"embeddable":true,"href":"https:\/\/elex.link\/elex2015\/wp-json\/wp\/v2\/users\/4"}],"replies":[{"embeddable":true,"href":"https:\/\/elex.link\/elex2015\/wp-json\/wp\/v2\/comments?post=331"}],"version-history":[{"count":11,"href":"https:\/\/elex.link\/elex2015\/wp-json\/wp\/v2\/pages\/331\/revisions"}],"predecessor-version":[{"id":590,"href":"https:\/\/elex.link\/elex2015\/wp-json\/wp\/v2\/pages\/331\/revisions\/590"}],"wp:attachment":[{"href":"https:\/\/elex.link\/elex2015\/wp-json\/wp\/v2\/media?parent=331"}],"curies":[{"name":"wp","href":"https:\/\/api.w.org\/{rel}","templated":true}]}}