{"id":66,"date":"2014-05-21T22:05:29","date_gmt":"2014-05-21T22:05:29","guid":{"rendered":"https:\/\/elex.link\/elex2015\/?page_id=66"},"modified":"2015-03-25T19:36:54","modified_gmt":"2015-03-25T19:36:54","slug":"organizing-committee","status":"publish","type":"page","link":"https:\/\/elex.link\/elex2015\/committees\/organizing-committee\/","title":{"rendered":"Organising committee"},"content":{"rendered":"<p>Iztok Kosem (Trojina, Institute for Applied Slovene Studies) &#8211; chair<br \/>\nMilo\u0161 Jakubi\u010dek (Lexical Computing Ltd.)<br \/>\nJelena Kallas (Institute of the Estonian Language)<br \/>\nSimon Krek (Jo\u017eef Stefan Institute)<br \/>\nTerka Ol\u0161anova (Lexical Computing Ltd.)<\/p>\n","protected":false},"excerpt":{"rendered":"<p>Iztok Kosem (Trojina, Institute for Applied Slovene Studies) &#8211; chair Milo\u0161 Jakubi\u010dek (Lexical Computing Ltd.) Jelena Kallas (Institute of the Estonian Language) Simon Krek (Jo\u017eef Stefan Institute) Terka Ol\u0161anova (Lexical Computing Ltd.)<\/p>\n","protected":false},"author":4,"featured_media":0,"parent":63,"menu_order":0,"comment_status":"closed","ping_status":"closed","template":"","meta":{"footnotes":""},"class_list":["post-66","page","type-page","status-publish","hentry"],"_links":{"self":[{"href":"https:\/\/elex.link\/elex2015\/wp-json\/wp\/v2\/pages\/66","targetHints":{"allow":["GET"]}}],"collection":[{"href":"https:\/\/elex.link\/elex2015\/wp-json\/wp\/v2\/pages"}],"about":[{"href":"https:\/\/elex.link\/elex2015\/wp-json\/wp\/v2\/types\/page"}],"author":[{"embeddable":true,"href":"https:\/\/elex.link\/elex2015\/wp-json\/wp\/v2\/users\/4"}],"replies":[{"embeddable":true,"href":"https:\/\/elex.link\/elex2015\/wp-json\/wp\/v2\/comments?post=66"}],"version-history":[{"count":3,"href":"https:\/\/elex.link\/elex2015\/wp-json\/wp\/v2\/pages\/66\/revisions"}],"predecessor-version":[{"id":230,"href":"https:\/\/elex.link\/elex2015\/wp-json\/wp\/v2\/pages\/66\/revisions\/230"}],"up":[{"embeddable":true,"href":"https:\/\/elex.link\/elex2015\/wp-json\/wp\/v2\/pages\/63"}],"wp:attachment":[{"href":"https:\/\/elex.link\/elex2015\/wp-json\/wp\/v2\/media?parent=66"}],"curies":[{"name":"wp","href":"https:\/\/api.w.org\/{rel}","templated":true}]}}