{"id":68,"date":"2014-05-21T22:05:57","date_gmt":"2014-05-21T22:05:57","guid":{"rendered":"https:\/\/elex.link\/elex2015\/?page_id=68"},"modified":"2015-04-07T07:06:29","modified_gmt":"2015-04-07T07:06:29","slug":"scientific-committee","status":"publish","type":"page","link":"https:\/\/elex.link\/elex2015\/committees\/scientific-committee\/","title":{"rendered":"Scientific committee"},"content":{"rendered":"<p>Andrea Abel (EURAC, Bolzano, Italy)<br \/>\n\u0160pela Arhar Holdt (Trojina, Institute for Applied Slovene Studies, Slovenia)<br \/>\nNicoletta Calzolari (Istituto di Linguistica Computacionale del CNR, Pisa, Italy)<br \/>\nFrantisek \u010cermak (Charles University, Prague, Czech Republic)<br \/>\nPatrick Drouin (OLST, Universit\u00e9 de Montr\u00e9al, Canada)<br \/>\nDarja Fi\u0161er (Faculty of Arts, University of Ljubljana, Slovenia)<br \/>\nThierry Fontenelle (Translation Centre for the Bodies of the EU, Luxembourg)<br \/>\nPolona Gantar (University of Ljubljana, Slovenia)<br \/>\nAlexander Geyken (Berlin-Brandenburg Academy of Sciences and Humanities, Germany)<br \/>\nPatrick Hanks (University of the West of England, Bristol, UK)<br \/>\nUlrich Heid (Universit\u00e4t Hildesheim, Germany)<br \/>\nKris Heylen (KU Leuven, Belgium)<br \/>\nIlan Kernerman (K Dictionaries, Israel)<br \/>\nAdam Kilgarriff (Lexical Computing Ltd., United Kingdom)<br \/>\nAnnette Klosa (Institut f\u00fcr Deutsche Sprache, Mannheim, Germany)<br \/>\nSvetla Koeva (Institute for Bulgarian language, Bolgaria)<br \/>\nIztok Kosem (Trojina, Institute for Applied Slovene Studies, Slovenia)<br \/>\nSimon Krek (Jozef Stefan Institute &amp; Faculty of Arts, University of Ljubljana, Slovenia)<br \/>\nMargit Langemets (Institute of the Estonian Language, Estonia)<br \/>\nLothar Lemnitzer (Universit\u00e4t T\u00fcbingen, Germany)<br \/>\nRobert Lew (AMU Faculty of English, Poznan, Poland)<br \/>\nNikola Ljube\u0161i\u010d (Faculty of Humanities and Social Sciences, Croatia)<br \/>\nHenrik Lorentzen\u00a0(Det Danske Sprog- og Litteraturselskab, Denmark)<br \/>\nAmalia Mendes (Centre for Linguistics at the University of Lisbon, Portugal)<br \/>\nRosamund Moon (University of Birmingham, UK)<br \/>\nChristine M\u00f6hrs (Institut f\u00fcr Deutsche Sprache, Mannheim, Germany)<br \/>\nCarolin M\u00fcller-Spitzer (Institut f\u00fcr Deutsche Sprache, Mannheim, Germany)<br \/>\nHilary Nesi (Coventry University, UK)<br \/>\nVincent Ooi (National University of Singapore, Republic of Singapore)<br \/>\nMagali Paquot (CECL, Universit\u00e9 catholique de Louvain, Belgium)<br \/>\nBalint Sass (Research Institute for Linguistics, Budapest, Hungary)<br \/>\nKristina \u0160trkalj Despot (Institute of Croatian Language and Linguistics, Croatia)<br \/>\nArvi Tavast (Institute of the Estonian Language, Estonia)<br \/>\nCarole Tiberius (Institute for Dutch Lexicology, Leiden, the Netherlands)<br \/>\nYukio Tono (Tokyo University of Foreign Studies, Japan)<br \/>\nLars Trap Jensen (Det Danske Sprog- og Litteraturselskab, Denmark)<br \/>\nAgnes Tutin (LIDILEM, Universit\u00e9 Stendhal-Grenoble 3, France)<br \/>\nTamas Varadi (Research Institute for Linguistics, Hungary)<br \/>\nSerge Verlinde (Katholieke Universiteit Leuven, Belgium)<br \/>\nPiotr Zmigrodzki (Instytut Jezyka Polskiego PAN, Poland)<\/p>\n","protected":false},"excerpt":{"rendered":"<p>Andrea Abel (EURAC, Bolzano, Italy) \u0160pela Arhar Holdt (Trojina, Institute for Applied Slovene Studies, Slovenia) Nicoletta Calzolari (Istituto di Linguistica Computacionale del CNR, Pisa, Italy) Frantisek \u010cermak (Charles University, Prague, Czech Republic) Patrick Drouin (OLST, Universit\u00e9 de Montr\u00e9al, Canada) Darja &hellip; <a class=\"more-link\" href=\"https:\/\/elex.link\/elex2015\/committees\/scientific-committee\/\">Continue reading <span class=\"meta-nav\">&rarr;<\/span><\/a><\/p>\n","protected":false},"author":4,"featured_media":0,"parent":63,"menu_order":0,"comment_status":"closed","ping_status":"closed","template":"","meta":{"footnotes":""},"class_list":["post-68","page","type-page","status-publish","hentry"],"_links":{"self":[{"href":"https:\/\/elex.link\/elex2015\/wp-json\/wp\/v2\/pages\/68","targetHints":{"allow":["GET"]}}],"collection":[{"href":"https:\/\/elex.link\/elex2015\/wp-json\/wp\/v2\/pages"}],"about":[{"href":"https:\/\/elex.link\/elex2015\/wp-json\/wp\/v2\/types\/page"}],"author":[{"embeddable":true,"href":"https:\/\/elex.link\/elex2015\/wp-json\/wp\/v2\/users\/4"}],"replies":[{"embeddable":true,"href":"https:\/\/elex.link\/elex2015\/wp-json\/wp\/v2\/comments?post=68"}],"version-history":[{"count":10,"href":"https:\/\/elex.link\/elex2015\/wp-json\/wp\/v2\/pages\/68\/revisions"}],"predecessor-version":[{"id":249,"href":"https:\/\/elex.link\/elex2015\/wp-json\/wp\/v2\/pages\/68\/revisions\/249"}],"up":[{"embeddable":true,"href":"https:\/\/elex.link\/elex2015\/wp-json\/wp\/v2\/pages\/63"}],"wp:attachment":[{"href":"https:\/\/elex.link\/elex2015\/wp-json\/wp\/v2\/media?parent=68"}],"curies":[{"name":"wp","href":"https:\/\/api.w.org\/{rel}","templated":true}]}}