{"id":101,"date":"2017-02-18T08:28:11","date_gmt":"2017-02-18T07:28:11","guid":{"rendered":"https:\/\/elex.link\/elex2017\/?page_id=101"},"modified":"2017-09-02T07:44:35","modified_gmt":"2017-09-02T06:44:35","slug":"organising-committee","status":"publish","type":"page","link":"https:\/\/elex.link\/elex2017\/organising-committee\/","title":{"rendered":"Organising committee"},"content":{"rendered":"\n<style type=\"text\/css\" data-created_by=\"avia_inline_auto\" id=\"style-css-av-av_one_full-6126cab7d8fab8d08143dd2dacdf673c\">\n.flex_column.av-av_one_full-6126cab7d8fab8d08143dd2dacdf673c{\nborder-radius:0px 0px 0px 0px;\npadding:0px 0px 0px 0px;\n}\n<\/style>\n<div  class='flex_column av-av_one_full-6126cab7d8fab8d08143dd2dacdf673c av_one_full  avia-builder-el-0  avia-builder-el-no-sibling  first flex_column_div av-zero-column-padding  '     ><section  class='av_textblock_section av-av_textblock-396ddf1f42196ca838231e61a4602801 '   itemscope=\"itemscope\" itemtype=\"https:\/\/schema.org\/CreativeWork\" ><div class='avia_textblock'  itemprop=\"text\" ><h2>Members of the organizing committee<\/h2>\n<\/div><\/section><br \/>\n<section  class='av_textblock_section av-av_textblock-396ddf1f42196ca838231e61a4602801 '   itemscope=\"itemscope\" itemtype=\"https:\/\/schema.org\/CreativeWork\" ><div class='avia_textblock'  itemprop=\"text\" ><p><strong>Carole Tiberius<br \/>\n<\/strong>Dutch Language Institute<\/p>\n<p><strong>Iztok Kosem<br \/>\n<\/strong>Centre for Applied Linguistics, Trojina \/ Faculty of Arts, University of Ljubljana<\/p>\n<p><strong>Jelena Kallas<br \/>\n<\/strong>Institute of the Estonian Language<\/p>\n<p><strong>Milo\u0161 Jakub\u00ed\u010dek<br \/>\n<\/strong>Lexical Computing CZ s.r.o.<\/p>\n<p><strong>Simon Krek<br \/>\n<\/strong>Centre for Language Resources and Technologies, University of Ljubljana \/ \u201cJo\u017eef Stefan\u201d Institute<\/p>\n<p><strong>Ond\u0159ej Matu\u0161ka<br \/>\n<\/strong>Lexical Computing CZ s.r.o.<\/p>\n<\/div><\/section><\/p><\/div>\n","protected":false},"excerpt":{"rendered":"","protected":false},"author":3,"featured_media":0,"parent":0,"menu_order":0,"comment_status":"closed","ping_status":"closed","template":"","meta":{"footnotes":""},"class_list":["post-101","page","type-page","status-publish","hentry"],"_links":{"self":[{"href":"https:\/\/elex.link\/elex2017\/wp-json\/wp\/v2\/pages\/101","targetHints":{"allow":["GET"]}}],"collection":[{"href":"https:\/\/elex.link\/elex2017\/wp-json\/wp\/v2\/pages"}],"about":[{"href":"https:\/\/elex.link\/elex2017\/wp-json\/wp\/v2\/types\/page"}],"author":[{"embeddable":true,"href":"https:\/\/elex.link\/elex2017\/wp-json\/wp\/v2\/users\/3"}],"replies":[{"embeddable":true,"href":"https:\/\/elex.link\/elex2017\/wp-json\/wp\/v2\/comments?post=101"}],"version-history":[{"count":8,"href":"https:\/\/elex.link\/elex2017\/wp-json\/wp\/v2\/pages\/101\/revisions"}],"predecessor-version":[{"id":105,"href":"https:\/\/elex.link\/elex2017\/wp-json\/wp\/v2\/pages\/101\/revisions\/105"}],"wp:attachment":[{"href":"https:\/\/elex.link\/elex2017\/wp-json\/wp\/v2\/media?parent=101"}],"curies":[{"name":"wp","href":"https:\/\/api.w.org\/{rel}","templated":true}]}}