{"id":108,"date":"2017-02-18T08:37:36","date_gmt":"2017-02-18T07:37:36","guid":{"rendered":"https:\/\/elex.link\/elex2017\/?page_id=108"},"modified":"2017-04-07T08:50:52","modified_gmt":"2017-04-07T07:50:52","slug":"scientific-committee","status":"publish","type":"page","link":"https:\/\/elex.link\/elex2017\/scientific-committee\/","title":{"rendered":"Scientific committee"},"content":{"rendered":"\n<style type=\"text\/css\" data-created_by=\"avia_inline_auto\" id=\"style-css-av-av_one_full-6126cab7d8fab8d08143dd2dacdf673c\">\n.flex_column.av-av_one_full-6126cab7d8fab8d08143dd2dacdf673c{\nborder-radius:0px 0px 0px 0px;\npadding:0px 0px 0px 0px;\n}\n<\/style>\n<div  class='flex_column av-av_one_full-6126cab7d8fab8d08143dd2dacdf673c av_one_full  avia-builder-el-0  avia-builder-el-no-sibling  first flex_column_div av-zero-column-padding  '     ><section  class='av_textblock_section av-av_textblock-396ddf1f42196ca838231e61a4602801 '   itemscope=\"itemscope\" itemtype=\"https:\/\/schema.org\/CreativeWork\" ><div class='avia_textblock'  itemprop=\"text\" ><h2>Members of the scientific committee<\/h2>\n<\/div><\/section><br \/>\n\n<style type=\"text\/css\" data-created_by=\"avia_inline_auto\" id=\"style-css-av-av_textblock-5d2b9ab38e1b92f7d09214bd3bf62f5b\">\n#top .av_textblock_section.av-av_textblock-5d2b9ab38e1b92f7d09214bd3bf62f5b .avia_textblock{\nfont-size:12px;\n}\n<\/style>\n<section  class='av_textblock_section av-av_textblock-5d2b9ab38e1b92f7d09214bd3bf62f5b '   itemscope=\"itemscope\" itemtype=\"https:\/\/schema.org\/CreativeWork\" ><div class='avia_textblock'  itemprop=\"text\" ><p>Andrea Abel (EURAC, Bolzano, Italy)<br \/>\nValentina Apresjan (Russian Language Institute, Russia)<br \/>\n\u0160pela Arhar Holdt (Centre for Applied Linguistics, Trojina &amp; University of Ljubljana, Slovenia)<br \/>\nIana\u00a0Atanassova (Centre Tesni\u00e8re, Universit\u00e9 de Franche-Comt\u00e9, France)<br \/>\nGerhard Budin (Austrian Academy of Sciences, Austria)<br \/>\nNicoletta Calzolari (Istituto di Linguistica Computacionale del CNR, Pisa, Italy)<br \/>\nLut Colman (Dutch Language Institute, Netherlands)<br \/>\nPaul Cook (University of New Brunswick, Canada)<br \/>\nPatrick Drouin (OLST, Universit\u00e9 de Montr\u00e9al, Canada)<br \/>\nKseniya Egorova (freelance lexicographer, Russia)<br \/>\nEdward Finegan (University of Southern California, USA)<br \/>\nThierry Fontenelle (Translation Centre for the Bodies of the EU, Luxembourg)<br \/>\nPolona Gantar (Faculty of Arts, University of Ljubljana, Slovenia)<br \/>\nYongwei Gao (Fudan University, China)<br \/>\nRadovan Garabik (\u013d. \u0160t\u00far Institute of Linguistics, Slovakia)<br \/>\nAlexander Geyken (Berlin-Brandenburg Academy of Sciences and Humanities, Germany)<br \/>\nAntton\u00a0Gurrutxaga (Elhuyar Fundazioa, Basque Country)<br \/>\nKris Heylen (KU Leuven, Belgium)<br \/>\nMilo\u0161 Jakub\u00ed\u010dek (Lexical Computing CZ s.r.o.)<br \/>\nJelena Kallas (Institute of the Estonian Language)<br \/>\nIlan Kernerman (K Dictionaries, Israel)<br \/>\nMaria\u00a0Khokhlova (Saint Petersburg State University, Russia)<br \/>\nSvetla Koeva (Institute for Bulgarian language, Bolgaria)<br \/>\nIztok Kosem (Centre for Applied Linguistics, Trojina &amp; University of Ljubljana, Slovenia)<br \/>\nVojt\u011bch\u00a0Kov\u00e1\u0159 (Lexical Computing CZ s.r.o.)<br \/>\nSimon Krek (Centre for Language Resources and Technologies, University of Ljubljana \/ \u201cJo\u017eef Stefan\u201d Institute, Slovenia)<br \/>\nMichal\u00a0Kren (Charles University in Prague, Czech Republic)<br \/>\nJette Kristoffersen (University College Capital, Kopenhagen, Denmark)<br \/>\nMargit Langemets (Institute of the Estonian Language, Estonia)<br \/>\nLothar Lemnitzer (Universit\u00e4t T\u00fcbingen, Germany)<br \/>\nRobert Lew (AMU Faculty of English, Poznan, Poland)<br \/>\nPilar\u00a0Le\u00f3n Ara\u00faz (University of Granada, Spain)<br \/>\nNikola Ljube\u0161i\u010d (Faculty of Humanities and Social Sciences, Croatia)<br \/>\nHenrik Lorentzen\u00a0(Det Danske Sprog- og Litteraturselskab, Denmark)<br \/>\nTinatin\u00a0Margalitadze (Lexicographic Centre at I. Javakhishvili TSU, Georgia)<br \/>\nStella\u00a0Markantonatou (Institute for Language and Speech Processing\/R.C. &#8220;Athena&#8221;, Greece)<br \/>\nJohn P.\u00a0McCrae (National University of Ireland, Galway, Ireland)<br \/>\nAmalia Mendes (Centre for Linguistics at the University of Lisbon, Portugal)<br \/>\nMichal Boleslav\u00a0M\u011bchura (Masaryk University, Czech Republic)<br \/>\nJulie Miller (University of Adelaide, Australia)<br \/>\nVictor Mojela (University of Limpopo, South Africa)<br \/>\nMonica Monachini (Istituto di Linguistica Computazionale &#8220;A. Zampolli&#8221;, Italy)<br \/>\nOrion Montoya (Brandeis University, USA)<br \/>\nSara Mo\u017ee (University of Wolverhampton, UK)<br \/>\nChristine M\u00f6hrs (Institut f\u00fcr Deutsche Sprache, Mannheim, Germany)<br \/>\nChris Mulhall (Waterford Institute of Technology, Waterford, Ireland)<br \/>\nCarolin M\u00fcller-Spitzer (Institut f\u00fcr Deutsche Sprache, Mannheim, Germany)<br \/>\nRoberto Navigli (Sapienza Universita&#8217; di Roma, Italy)<br \/>\nLionel Nicolas (EURAC, Bolzano, Italy)<br \/>\nVincent Ooi (National University of Singapore, Republic of Singapore)<br \/>\nNoam Ordan (Bar-Ilan University, Israel)<br \/>\nMagali Paquot (CECL, Universit\u00e9 catholique de Louvain, Belgium)<br \/>\nDanie Prinsloo (University of Pretoria, South Africa)<br \/>\nAdam\u00a0Rambousek (Masaryk University, Czech Republic)<br \/>\nMichael Rundell (Lexicography Masterclass, UK)<br \/>\nBalint Sass (Research Institute for Linguistics, Budapest, Hungary)<br \/>\nRoser\u00a0Sauri (Oxford University Press, UK)<br \/>\nJane Solomon (Dictionary.com, USA)<br \/>\nEgon Stemle (EURAC, Bolzano, Italy)<br \/>\nKristina \u0160trkalj Despot (Institute of Croatian Language and Linguistics, Croatia)<br \/>\nArvi Tavast (Qlaara, Estonia)<br \/>\nCarole Tiberius (Dutch Language Institute, Netherlands)<br \/>\nYukio Tono (Tokyo University of Foreign Studies, Japan)<br \/>\nLars Trap Jensen (Det Danske Sprog- og Litteraturselskab, Denmark)<br \/>\nAgnes Tutin (LIDILEM, Universit\u00e9 Stendhal-Grenoble 3, France)<br \/>\nTamas Varadi (Research Institute for Linguistics, Hungary)<br \/>\nSerge Verlinde (Katholieke Universiteit Leuven, Belgium)<br \/>\nElena\u00a0Volodina (Gothenburg University, Sweden)<br \/>\nPiotr Zmigrodzki (Instytut Jezyka Polskiego PAN, Poland)<\/p>\n<\/div><\/section><\/p><\/div>\n","protected":false},"excerpt":{"rendered":"","protected":false},"author":3,"featured_media":0,"parent":0,"menu_order":0,"comment_status":"closed","ping_status":"closed","template":"","meta":{"footnotes":""},"class_list":["post-108","page","type-page","status-publish","hentry"],"_links":{"self":[{"href":"https:\/\/elex.link\/elex2017\/wp-json\/wp\/v2\/pages\/108","targetHints":{"allow":["GET"]}}],"collection":[{"href":"https:\/\/elex.link\/elex2017\/wp-json\/wp\/v2\/pages"}],"about":[{"href":"https:\/\/elex.link\/elex2017\/wp-json\/wp\/v2\/types\/page"}],"author":[{"embeddable":true,"href":"https:\/\/elex.link\/elex2017\/wp-json\/wp\/v2\/users\/3"}],"replies":[{"embeddable":true,"href":"https:\/\/elex.link\/elex2017\/wp-json\/wp\/v2\/comments?post=108"}],"version-history":[{"count":9,"href":"https:\/\/elex.link\/elex2017\/wp-json\/wp\/v2\/pages\/108\/revisions"}],"predecessor-version":[{"id":423,"href":"https:\/\/elex.link\/elex2017\/wp-json\/wp\/v2\/pages\/108\/revisions\/423"}],"wp:attachment":[{"href":"https:\/\/elex.link\/elex2017\/wp-json\/wp\/v2\/media?parent=108"}],"curies":[{"name":"wp","href":"https:\/\/api.w.org\/{rel}","templated":true}]}}