{"id":108,"date":"2017-02-18T08:37:36","date_gmt":"2017-02-18T07:37:36","guid":{"rendered":"https:\/\/elex.link\/elex2017\/?page_id=108"},"modified":"2019-06-04T18:53:31","modified_gmt":"2019-06-04T18:53:31","slug":"scientific-committee","status":"publish","type":"page","link":"https:\/\/elex.link\/elex2019\/scientific-committee\/","title":{"rendered":"Scientific committee"},"content":{"rendered":"\n<style type=\"text\/css\" data-created_by=\"avia_inline_auto\" id=\"style-css-av-l0u84-17dba940cc476f44a15c94a1a69f105b\">\n.flex_column.av-l0u84-17dba940cc476f44a15c94a1a69f105b{\nborder-radius:0px 0px 0px 0px;\npadding:0px 0px 0px 0px;\n}\n<\/style>\n<div  class='flex_column av-l0u84-17dba940cc476f44a15c94a1a69f105b av_one_full  avia-builder-el-0  avia-builder-el-no-sibling  first flex_column_div av-zero-column-padding  '     ><section  class='av_textblock_section av-g8d4c-5169f568917fb0ba901db03d4a466fa8 '   itemscope=\"itemscope\" itemtype=\"https:\/\/schema.org\/CreativeWork\" ><div class='avia_textblock'  itemprop=\"text\" ><h2>Members of the scientific committee<\/h2>\n<\/div><\/section><br \/>\n\n<style type=\"text\/css\" data-created_by=\"avia_inline_auto\" id=\"style-css-av-7sjmc-72ed493843d4f32c0f2c15322c520ef8\">\n#top .av_textblock_section.av-7sjmc-72ed493843d4f32c0f2c15322c520ef8 .avia_textblock{\nfont-size:12px;\n}\n<\/style>\n<section  class='av_textblock_section av-7sjmc-72ed493843d4f32c0f2c15322c520ef8 '   itemscope=\"itemscope\" itemtype=\"https:\/\/schema.org\/CreativeWork\" ><div class='avia_textblock'  itemprop=\"text\" ><p>Andrea Abel (EURAC, Bolzano, Italy)<br \/>\n\u0160pela Arhar Holdt (Centre for Language Resources and Technologies, University of Ljubljana, Slovenia)<br \/>\nVit Baisa (Lexical Computing CZ s.r.o., Czech Republic)<br \/>\nGerhard Budin (Austrian Academy of Sciences, Austria)<br \/>\nNicoletta Calzolari (Istituto di Linguistica Computacionale del CNR, Pisa, Italy)<br \/>\nLut Colman (Dutch Language Institute, Netherlands)<br \/>\nPaul Cook (University of New Brunswick, Canada)<br \/>\nMargarita Correia (CELGA-ILTEC, University of Coimbra \/ University of Lisbon, Portugal)<br \/>\nGilles-Maurice de Schryver (Ghent University, Belgium \/ University of Pretoria, South Africa)<br \/>\nMar\u00eda Jos\u00e9 Dominguez Vazquez (Universidad de Santiago de Compostela, Spain)<br \/>\nPatrick Drouin (OLST, Universit\u00e9 de Montr\u00e9al, Canada)<br \/>\nJose Pedro Ferreira (CELGA-ILTEC, University of Coimbra, Portugal)<br \/>\n<span style=\"color: #000000;\">Edward Finegan (University of Southern California, USA)<\/span><br \/>\nThierry Fontenelle (Translation Centre for the Bodies of the EU, Luxembourg)<br \/>\nPolona Gantar (Faculty of Arts, University of Ljubljana, Slovenia)<br \/>\nYongwei Gao (Fudan University, China)<br \/>\n<span style=\"color: #000000;\">Radovan Garabik (\u013d. \u0160t\u00far Institute of Linguistics, Slovakia)<\/span><br \/>\n<span style=\"color: #000000;\">Alexander Geyken (Berlin-Brandenburg Academy of Sciences and Humanities, Germany)<\/span><br \/>\nKris Heylen (KU Leuven, Belgium)<br \/>\nAles Horak (Masaryk University, Czech Republic)<br \/>\nMilo\u0161 Jakub\u00ed\u010dek (Lexical Computing CZ s.r.o., Czech Republic)<br \/>\nMaarten Janssen (CELGA-ILTEC, University of Coimbra, Portugal)<br \/>\nJelena Kallas (Institute of the Estonian Language, Estonia)<br \/>\nIlan Kernerman (K Dictionaries, Israel)<br \/>\nMaria\u00a0Khokhlova (Saint Petersburg State University, Russia)<br \/>\nAnnette Klosa-K\u00fcckelhaus (Institut f\u00fcr Deutsche Sprache, Mannheim, Germany)<br \/>\nSvetla Koeva (Institute for Bulgarian language, Bolgaria)<br \/>\nIztok Kosem (Centre for Language Resources and Technologies, University of Ljubljana \/ \u201cJo\u017eef Stefan\u201d Institute, Slovenia)<br \/>\nVojt\u011bch\u00a0Kov\u00e1\u0159 (Lexical Computing CZ s.r.o., Czech Republic)<br \/>\nSimon Krek (Centre for Language Resources and Technologies, University of Ljubljana \/ \u201cJo\u017eef Stefan\u201d Institute, Slovenia)<br \/>\nMichal\u00a0Kren (Charles University in Prague, Czech Republic)<br \/>\nTanara Zingano Kuhn (CELGA-ILTEC, University of Coimbra \/ University of Lisbon, Portugal)<br \/>\nMargit Langemets (Institute of the Estonian Language, Estonia)<br \/>\nLothar Lemnitzer (Universit\u00e4t T\u00fcbingen, Germany)<br \/>\nRobert Lew (AMU Faculty of English, Poznan, Poland)<br \/>\nPilar\u00a0Le\u00f3n Ara\u00faz (University of Granada, Spain)<br \/>\n<span style=\"color: #000000;\">Nikola Ljube\u0161i\u010d (Faculty of Humanities and Social Sciences, Croatia)<\/span><br \/>\nHenrik Lorentzen\u00a0(Det Danske Sprog- og Litteraturselskab, Denmark)<br \/>\nTinatin\u00a0Margalitadze (Lexicographic Centre at I. Javakhishvili TSU, Georgia)<br \/>\nStella\u00a0Markantonatou (Institute for Language and Speech Processing\/R.C. &#8220;Athena&#8221;, Greece)<br \/>\nJohn P.\u00a0McCrae (National University of Ireland, Galway, Ireland)<br \/>\nAmalia Mendes (Centre for Linguistics at the University of Lisbon, Portugal)<br \/>\n<span style=\"color: #000000;\">Michal Boleslav\u00a0M\u011bchura (Masaryk University, Czech Republic)<\/span><br \/>\nJulie Miller (University of Adelaide, Australia)<br \/>\nVictor Mojela (University of Limpopo, South Africa)<br \/>\n<span style=\"color: #000000;\">Monica Monachini (Istituto di Linguistica Computazionale &#8220;A. Zampolli&#8221;, Italy)<\/span><br \/>\n<span style=\"color: #000000;\">Orion Montoya (Brandeis University, USA)<\/span><br \/>\nSara Mo\u017ee (University of Wolverhampton, UK)<br \/>\nChristine M\u00f6hrs (Institut f\u00fcr Deutsche Sprache, Mannheim, Germany)<br \/>\n<span style=\"color: #000000;\">Chris Mulhall (Waterford Institute of Technology, Waterford, Ireland)<\/span><br \/>\nCarolin M\u00fcller-Spitzer (Institut f\u00fcr Deutsche Sprache, Mannheim, Germany)<br \/>\nLionel Nicolas (EURAC, Bolzano, Italy)<br \/>\nSussi Olsen (University of Copenhagen, Denmark)<br \/>\nVincent Ooi (National University of Singapore, Republic of Singapore)<br \/>\nIsabel Pereira\u00a0(CELGA-ILTEC, University of Coimbra, Portugal)<br \/>\nJordi Porta (Centro de Estudios de la Real Academia Espa\u00f1ola, Spain)<br \/>\nAdam\u00a0Rambousek (Masaryk University, Czech Republic)<br \/>\nLaurent Romary (Inria, France)<br \/>\nKlaas Ruppel, Institute for the Languages of Finland (KOTUS), Finland<br \/>\n<span style=\"color: #000000;\">Roser\u00a0Sauri (Oxford University Press, UK)<br \/>\nTanneke Schoonheim (Dutch Language Institute, Netherlands)<br \/>\nHindrik Sijens (Fryske Akademy, Leeuwarden, Netherlands)<br \/>\nEmma Sk\u00f6ldberg (University of Gothenburg, Sweden)<br \/>\n<\/span>Nicolai Hartvig S\u00f8rensen (Society for Danish Language and Literature, Denmark)<br \/>\nEgon Stemle (EURAC, Bolzano, Italy)<br \/>\nKristina \u0160trkalj Despot (Institute of Croatian Language and Linguistics, Croatia)<br \/>\nArvi Tavast (Qlaara, Estonia)<br \/>\nCarole Tiberius (Dutch Language Institute, Netherlands)<br \/>\nYukio Tono (Tokyo University of Foreign Studies, Japan)<br \/>\n<span style=\"color: #000000;\">Lars Trap Jensen (Det Danske Sprog- og Litteraturselskab, Denmark)<\/span><br \/>\nAgnes Tutin (LIDILEM, Universit\u00e9 Stendhal-Grenoble 3, France)<br \/>\nTamas Varadi (Research Institute for Linguistics, Hungary)<br \/>\nCarlos Valc\u00e1rcel Riveiro (Universidade de Vigo, Spain)<br \/>\nSerge Verlinde (Katholieke Universiteit Leuven, Belgium)<br \/>\nPiotr Zmigrodzki (Instytut Jezyka Polskiego PAN, Poland)<\/p>\n<\/div><\/section><\/p><\/div>\n","protected":false},"excerpt":{"rendered":"","protected":false},"author":3,"featured_media":0,"parent":0,"menu_order":0,"comment_status":"closed","ping_status":"closed","template":"","meta":{"footnotes":""},"class_list":["post-108","page","type-page","status-publish","hentry"],"_links":{"self":[{"href":"https:\/\/elex.link\/elex2019\/wp-json\/wp\/v2\/pages\/108","targetHints":{"allow":["GET"]}}],"collection":[{"href":"https:\/\/elex.link\/elex2019\/wp-json\/wp\/v2\/pages"}],"about":[{"href":"https:\/\/elex.link\/elex2019\/wp-json\/wp\/v2\/types\/page"}],"author":[{"embeddable":true,"href":"https:\/\/elex.link\/elex2019\/wp-json\/wp\/v2\/users\/3"}],"replies":[{"embeddable":true,"href":"https:\/\/elex.link\/elex2019\/wp-json\/wp\/v2\/comments?post=108"}],"version-history":[{"count":29,"href":"https:\/\/elex.link\/elex2019\/wp-json\/wp\/v2\/pages\/108\/revisions"}],"predecessor-version":[{"id":1356,"href":"https:\/\/elex.link\/elex2019\/wp-json\/wp\/v2\/pages\/108\/revisions\/1356"}],"wp:attachment":[{"href":"https:\/\/elex.link\/elex2019\/wp-json\/wp\/v2\/media?parent=108"}],"curies":[{"name":"wp","href":"https:\/\/api.w.org\/{rel}","templated":true}]}}