{"id":1768,"date":"2019-10-02T06:47:23","date_gmt":"2019-10-02T06:47:23","guid":{"rendered":"https:\/\/elex.link\/elex2019\/?page_id=1768"},"modified":"2019-10-02T06:47:35","modified_gmt":"2019-10-02T06:47:35","slug":"impressum","status":"publish","type":"page","link":"https:\/\/elex.link\/elex2019\/proceedings-download\/impressum\/","title":{"rendered":"Impressum"},"content":{"rendered":"\n<style type=\"text\/css\" data-created_by=\"avia_inline_auto\" id=\"style-css-av-av_one_full-1e26125d131ba13f1accaa8241be1528\">\n.flex_column.av-av_one_full-1e26125d131ba13f1accaa8241be1528{\nborder-radius:0px 0px 0px 0px;\npadding:0px 0px 0px 0px;\n}\n<\/style>\n<div  class='flex_column av-av_one_full-1e26125d131ba13f1accaa8241be1528 av_one_full  avia-builder-el-0  avia-builder-el-no-sibling  first flex_column_div av-zero-column-padding  '     ><section  class='av_textblock_section av-k18wrslb-a45871252a53840f7a14e9e2f27487f8 '   itemscope=\"itemscope\" itemtype=\"https:\/\/schema.org\/CreativeWork\" ><div class='avia_textblock'  itemprop=\"text\" ><h3><strong>Electronic lexicography in the 21st century.<\/strong><br \/>\n<strong>Proceedings of the eLex 2019 conference.<\/strong><\/h3>\n<p><strong>published by<\/strong> Lexical Computing CZ s.r.o., Brno, Czech Republic<\/p>\n<p><strong>edited by<\/strong> Iztok Kosem, Tanara Zingano Kuhn, Margarita Correia, Jos\u00e9 Pedro Ferreira, Maarten Jansen, Isabel Pereira, Jelena Kallas, Milo\u0161 Jakub\u00ed\u010dek, Simon Krek, Carole Tiberius<\/p>\n<p><strong>proofreading by<\/strong> Paul Steed<\/p>\n<p><strong>licence<\/strong><\/p>\n<p><a href=\"https:\/\/creativecommons.org\/licenses\/by-sa\/4.0\/\">Creative Commons Attribution-ShareAlike 4.0 International License<\/a><\/p>\n<p>Sintra, October 2019<br \/>\nISSN 2533-5626<\/p>\n<\/div><\/section><\/div>\n","protected":false},"excerpt":{"rendered":"","protected":false},"author":4,"featured_media":0,"parent":1143,"menu_order":0,"comment_status":"closed","ping_status":"closed","template":"","meta":{"footnotes":""},"class_list":["post-1768","page","type-page","status-publish","hentry"],"_links":{"self":[{"href":"https:\/\/elex.link\/elex2019\/wp-json\/wp\/v2\/pages\/1768","targetHints":{"allow":["GET"]}}],"collection":[{"href":"https:\/\/elex.link\/elex2019\/wp-json\/wp\/v2\/pages"}],"about":[{"href":"https:\/\/elex.link\/elex2019\/wp-json\/wp\/v2\/types\/page"}],"author":[{"embeddable":true,"href":"https:\/\/elex.link\/elex2019\/wp-json\/wp\/v2\/users\/4"}],"replies":[{"embeddable":true,"href":"https:\/\/elex.link\/elex2019\/wp-json\/wp\/v2\/comments?post=1768"}],"version-history":[{"count":2,"href":"https:\/\/elex.link\/elex2019\/wp-json\/wp\/v2\/pages\/1768\/revisions"}],"predecessor-version":[{"id":1770,"href":"https:\/\/elex.link\/elex2019\/wp-json\/wp\/v2\/pages\/1768\/revisions\/1770"}],"up":[{"embeddable":true,"href":"https:\/\/elex.link\/elex2019\/wp-json\/wp\/v2\/pages\/1143"}],"wp:attachment":[{"href":"https:\/\/elex.link\/elex2019\/wp-json\/wp\/v2\/media?parent=1768"}],"curies":[{"name":"wp","href":"https:\/\/api.w.org\/{rel}","templated":true}]}}