{"id":108,"date":"2017-02-18T08:37:36","date_gmt":"2017-02-18T07:37:36","guid":{"rendered":"https:\/\/elex.link\/elex2017\/?page_id=108"},"modified":"2021-02-01T14:00:42","modified_gmt":"2021-02-01T14:00:42","slug":"scientific-committee","status":"publish","type":"page","link":"https:\/\/elex.link\/elex2021\/scientific-committee\/","title":{"rendered":"Scientific committee"},"content":{"rendered":"\n<style type=\"text\/css\" data-created_by=\"avia_inline_auto\" id=\"style-css-av-l0u84-17dba940cc476f44a15c94a1a69f105b\">\n.flex_column.av-l0u84-17dba940cc476f44a15c94a1a69f105b{\nborder-radius:0px 0px 0px 0px;\npadding:0px 0px 0px 0px;\n}\n<\/style>\n<div  class='flex_column av-l0u84-17dba940cc476f44a15c94a1a69f105b av_one_full  avia-builder-el-0  avia-builder-el-no-sibling  first flex_column_div av-zero-column-padding  '     ><section  class='av_textblock_section av-g8d4c-5169f568917fb0ba901db03d4a466fa8 '   itemscope=\"itemscope\" itemtype=\"https:\/\/schema.org\/CreativeWork\" ><div class='avia_textblock'  itemprop=\"text\" ><h2>Members of the scientific committee<\/h2>\n<\/div><\/section><br \/>\n\n<style type=\"text\/css\" data-created_by=\"avia_inline_auto\" id=\"style-css-av-7sjmc-18581dfe38edbf2866b5f0f75583cbb3\">\n#top .av_textblock_section.av-7sjmc-18581dfe38edbf2866b5f0f75583cbb3 .avia_textblock{\nfont-size:12px;\n}\n<\/style>\n<section  class='av_textblock_section av-7sjmc-18581dfe38edbf2866b5f0f75583cbb3 '   itemscope=\"itemscope\" itemtype=\"https:\/\/schema.org\/CreativeWork\" ><div class='avia_textblock'  itemprop=\"text\" ><p>Andrea Abel (EURAC, Bolzano, Italy)<br \/>\n\u0160pela Arhar Holdt (Centre for Language Resources and Technologies, University of Ljubljana, Slovenia)<br \/>\nKristian Blensenius (University of Gothenburg, Sweden)<br \/>\nGerhard Budin (Austrian Academy of Sciences, Austria)<br \/>\nNicoletta Calzolari (Istituto di Linguistica Computacionale del CNR, Pisa, Italy)<br \/>\nLut Colman (Dutch Language Institute, Netherlands)<br \/>\nPaul Cook (University of New Brunswick, Canada)<br \/>\nMargarita Correia (CELGA-ILTEC, University of Coimbra \/ University of Lisbon, Portugal)<br \/>\nGilles-Maurice de Schryver (Ghent University, Belgium \/ University of Pretoria, South Africa)<br \/>\nMar\u00eda Jos\u00e9 Dominguez Vazquez (Universidad de Santiago de Compostela, Spain)<br \/>\nPatrick Drouin (OLST, Universit\u00e9 de Montr\u00e9al, Canada)<br \/>\n<span style=\"color: #000000;\">Edward Finegan (University of Southern California, USA)<\/span><br \/>\nThierry Fontenelle (Translation Centre for the Bodies of the EU, Luxembourg)<br \/>\nPolona Gantar (Faculty of Arts, University of Ljubljana, Slovenia)<br \/>\nYongwei Gao (Fudan University, China)<br \/>\n<span style=\"color: #000000;\">Radovan Garabik (\u013d. \u0160t\u00far Institute of Linguistics, Slovakia)<\/span><br \/>\nZoe Gavriilidou (Democritus University of Thrace, Greece)<br \/>\n<span style=\"color: #000000;\">Alexander Geyken (Berlin-Brandenburg Academy of Sciences and Humanities, Germany)<\/span><br \/>\nKris Heylen (KU Leuven, Belgium)<br \/>\nAles Horak (Masaryk University, Czech Republic)<br \/>\nMilo\u0161 Jakub\u00ed\u010dek (Lexical Computing CZ s.r.o., Czech Republic)<br \/>\nMaarten Janssen (CELGA-ILTEC, University of Coimbra, Portugal)<br \/>\nJelena Kallas (Institute of the Estonian Language, Estonia)<br \/>\nIlan Kernerman (K Dictionaries, Israel)<br \/>\nMaria\u00a0Khokhlova (Saint Petersburg State University, Russia)<br \/>\nAnnette Klosa-K\u00fcckelhaus (Institut f\u00fcr Deutsche Sprache, Mannheim, Germany)<br \/>\nSvetla Koeva (Institute for Bulgarian language, Bulgaria)<br \/>\nKristina Koppel (Institute of the Estonian Language, Estonia)<br \/>\nIztok Kosem (Centre for Language Resources and Technologies, University of Ljubljana \/ \u201cJo\u017eef Stefan\u201d Institute, Slovenia)<br \/>\nVojt\u011bch\u00a0Kov\u00e1\u0159 (Lexical Computing CZ s.r.o., Czech Republic)<br \/>\nSimon Krek (Centre for Language Resources and Technologies, University of Ljubljana \/ \u201cJo\u017eef Stefan\u201d Institute, Slovenia)<br \/>\nMichal\u00a0Kren (Charles University in Prague, Czech Republic)<br \/>\nTanara Zingano Kuhn (CELGA-ILTEC, University of Coimbra \/ University of Lisbon, Portugal)<br \/>\nMargit Langemets (Institute of the Estonian Language, Estonia)<br \/>\nLothar Lemnitzer (Universit\u00e4t T\u00fcbingen, Germany)<br \/>\nRobert Lew (AMU Faculty of English, Poznan, Poland)<br \/>\nPilar Le\u00f3n Ara\u00faz (University of Granada, Spain)<br \/>\nHenrik Lorentzen (Det Danske Sprog- og Litteraturselskab, Denmark)<br \/>\nStella\u00a0Markantonatou (Institute for Language and Speech Processing\/R.C. &#8220;Athena&#8221;, Greece)<br \/>\nJohn P.\u00a0McCrae (National University of Ireland, Galway, Ireland)<br \/>\nAmalia Mendes (Centre for Linguistics at the University of Lisbon, Portugal)<br \/>\n<span style=\"color: #000000;\">Michal Boleslav\u00a0M\u011bchura (Masaryk University, Czech Republic)<\/span><br \/>\nJulie Miller (University of Adelaide, Australia)<br \/>\n<span style=\"color: #000000;\">Monica Monachini (Istituto di Linguistica Computazionale &#8220;A. Zampolli&#8221;, Italy)<\/span><br \/>\n<span style=\"color: #000000;\">Orion Montoya (Brandeis University, USA)<\/span><br \/>\nSara Mo\u017ee (University of Wolverhampton, UK)<br \/>\nChristine M\u00f6hrs (Institut f\u00fcr Deutsche Sprache, Mannheim, Germany)<br \/>\n<span style=\"color: #000000;\">Chris Mulhall (Waterford Institute of Technology, Waterford, Ireland)<\/span><br \/>\nCarolin M\u00fcller-Spitzer (Institut f\u00fcr Deutsche Sprache, Mannheim, Germany)<br \/>\nLionel Nicolas (EURAC, Bolzano, Italy)<br \/>\nSussi Olsen (University of Copenhagen, Denmark)<br \/>\nVincent Ooi (National University of Singapore, Republic of Singapore)<br \/>\nJordi Porta (Centro de Estudios de la Real Academia Espa\u00f1ola, Spain)<br \/>\nAdam\u00a0Rambousek (Masaryk University, Czech Republic)<br \/>\nLaurent Romary (Inria, France)<span style=\"color: #000000;\"><br \/>\nHindrik Sijens (Fryske Akademy, Leeuwarden, Netherlands)<br \/>\nEmma Sk\u00f6ldberg (University of Gothenburg, Sweden)<br \/>\n<\/span>Nicolai Hartvig S\u00f8rensen (Society for Danish Language and Literature, Denmark)<br \/>\nEgon Stemle (EURAC, Bolzano, Italy)<br \/>\nV\u00edt Suchomel (Lexical Computing CZ s.r.o., Czech Republic)<br \/>\nKristina \u0160trkalj Despot (Institute of Croatian Language and Linguistics, Croatia)<br \/>\nArvi Tavast (Qlaara, Estonia)<br \/>\nCarole Tiberius (Dutch Language Institute, Netherlands)<br \/>\nYukio Tono (Tokyo University of Foreign Studies, Japan)<br \/>\n<span style=\"color: #000000;\">Lars Trap Jensen (Det Danske Sprog- og Litteraturselskab, Denmark)<\/span><br \/>\nAgnes Tutin (LIDILEM, Universit\u00e9 Stendhal-Grenoble 3, France)<br \/>\nTamas Varadi (Research Institute for Linguistics, Hungary)<\/p>\n<\/div><\/section><\/p><\/div>\n","protected":false},"excerpt":{"rendered":"","protected":false},"author":3,"featured_media":0,"parent":0,"menu_order":0,"comment_status":"closed","ping_status":"closed","template":"","meta":{"footnotes":""},"class_list":["post-108","page","type-page","status-publish","hentry"],"yoast_head":"<!-- This site is optimized with the Yoast SEO plugin v27.3 - https:\/\/yoast.com\/product\/yoast-seo-wordpress\/ -->\n<title>Scientific committee - eLex 2021<\/title>\n<meta name=\"robots\" content=\"index, follow, max-snippet:-1, max-image-preview:large, max-video-preview:-1\" \/>\n<link rel=\"canonical\" href=\"https:\/\/elex.link\/elex2021\/scientific-committee\/\" \/>\n<meta property=\"og:locale\" content=\"en_US\" \/>\n<meta property=\"og:type\" content=\"article\" \/>\n<meta property=\"og:title\" content=\"Scientific committee - eLex 2021\" \/>\n<meta property=\"og:url\" content=\"https:\/\/elex.link\/elex2021\/scientific-committee\/\" \/>\n<meta property=\"og:site_name\" content=\"eLex 2021\" \/>\n<meta property=\"article:modified_time\" content=\"2021-02-01T14:00:42+00:00\" \/>\n<meta name=\"twitter:card\" content=\"summary_large_image\" \/>\n<meta name=\"twitter:label1\" content=\"Est. reading time\" \/>\n\t<meta name=\"twitter:data1\" content=\"3 minutes\" \/>\n<script type=\"application\/ld+json\" class=\"yoast-schema-graph\">{\"@context\":\"https:\\\/\\\/schema.org\",\"@graph\":[{\"@type\":\"WebPage\",\"@id\":\"https:\\\/\\\/elex.link\\\/elex2021\\\/scientific-committee\\\/\",\"url\":\"https:\\\/\\\/elex.link\\\/elex2021\\\/scientific-committee\\\/\",\"name\":\"Scientific committee - eLex 2021\",\"isPartOf\":{\"@id\":\"https:\\\/\\\/elex.link\\\/elex2021\\\/#website\"},\"datePublished\":\"2017-02-18T07:37:36+00:00\",\"dateModified\":\"2021-02-01T14:00:42+00:00\",\"breadcrumb\":{\"@id\":\"https:\\\/\\\/elex.link\\\/elex2021\\\/scientific-committee\\\/#breadcrumb\"},\"inLanguage\":\"en-US\",\"potentialAction\":[{\"@type\":\"ReadAction\",\"target\":[\"https:\\\/\\\/elex.link\\\/elex2021\\\/scientific-committee\\\/\"]}]},{\"@type\":\"BreadcrumbList\",\"@id\":\"https:\\\/\\\/elex.link\\\/elex2021\\\/scientific-committee\\\/#breadcrumb\",\"itemListElement\":[{\"@type\":\"ListItem\",\"position\":1,\"name\":\"Home\",\"item\":\"https:\\\/\\\/elex.link\\\/elex2021\\\/\"},{\"@type\":\"ListItem\",\"position\":2,\"name\":\"Scientific committee\"}]},{\"@type\":\"WebSite\",\"@id\":\"https:\\\/\\\/elex.link\\\/elex2021\\\/#website\",\"url\":\"https:\\\/\\\/elex.link\\\/elex2021\\\/\",\"name\":\"eLex 2021\",\"description\":\"electronic lexicography in the 21st century\",\"potentialAction\":[{\"@type\":\"SearchAction\",\"target\":{\"@type\":\"EntryPoint\",\"urlTemplate\":\"https:\\\/\\\/elex.link\\\/elex2021\\\/?s={search_term_string}\"},\"query-input\":{\"@type\":\"PropertyValueSpecification\",\"valueRequired\":true,\"valueName\":\"search_term_string\"}}],\"inLanguage\":\"en-US\"}]}<\/script>\n<!-- \/ Yoast SEO plugin. -->","yoast_head_json":{"title":"Scientific committee - eLex 2021","robots":{"index":"index","follow":"follow","max-snippet":"max-snippet:-1","max-image-preview":"max-image-preview:large","max-video-preview":"max-video-preview:-1"},"canonical":"https:\/\/elex.link\/elex2021\/scientific-committee\/","og_locale":"en_US","og_type":"article","og_title":"Scientific committee - eLex 2021","og_url":"https:\/\/elex.link\/elex2021\/scientific-committee\/","og_site_name":"eLex 2021","article_modified_time":"2021-02-01T14:00:42+00:00","twitter_card":"summary_large_image","twitter_misc":{"Est. reading time":"3 minutes"},"schema":{"@context":"https:\/\/schema.org","@graph":[{"@type":"WebPage","@id":"https:\/\/elex.link\/elex2021\/scientific-committee\/","url":"https:\/\/elex.link\/elex2021\/scientific-committee\/","name":"Scientific committee - eLex 2021","isPartOf":{"@id":"https:\/\/elex.link\/elex2021\/#website"},"datePublished":"2017-02-18T07:37:36+00:00","dateModified":"2021-02-01T14:00:42+00:00","breadcrumb":{"@id":"https:\/\/elex.link\/elex2021\/scientific-committee\/#breadcrumb"},"inLanguage":"en-US","potentialAction":[{"@type":"ReadAction","target":["https:\/\/elex.link\/elex2021\/scientific-committee\/"]}]},{"@type":"BreadcrumbList","@id":"https:\/\/elex.link\/elex2021\/scientific-committee\/#breadcrumb","itemListElement":[{"@type":"ListItem","position":1,"name":"Home","item":"https:\/\/elex.link\/elex2021\/"},{"@type":"ListItem","position":2,"name":"Scientific committee"}]},{"@type":"WebSite","@id":"https:\/\/elex.link\/elex2021\/#website","url":"https:\/\/elex.link\/elex2021\/","name":"eLex 2021","description":"electronic lexicography in the 21st century","potentialAction":[{"@type":"SearchAction","target":{"@type":"EntryPoint","urlTemplate":"https:\/\/elex.link\/elex2021\/?s={search_term_string}"},"query-input":{"@type":"PropertyValueSpecification","valueRequired":true,"valueName":"search_term_string"}}],"inLanguage":"en-US"}]}},"_links":{"self":[{"href":"https:\/\/elex.link\/elex2021\/wp-json\/wp\/v2\/pages\/108","targetHints":{"allow":["GET"]}}],"collection":[{"href":"https:\/\/elex.link\/elex2021\/wp-json\/wp\/v2\/pages"}],"about":[{"href":"https:\/\/elex.link\/elex2021\/wp-json\/wp\/v2\/types\/page"}],"author":[{"embeddable":true,"href":"https:\/\/elex.link\/elex2021\/wp-json\/wp\/v2\/users\/3"}],"replies":[{"embeddable":true,"href":"https:\/\/elex.link\/elex2021\/wp-json\/wp\/v2\/comments?post=108"}],"version-history":[{"count":3,"href":"https:\/\/elex.link\/elex2021\/wp-json\/wp\/v2\/pages\/108\/revisions"}],"predecessor-version":[{"id":1927,"href":"https:\/\/elex.link\/elex2021\/wp-json\/wp\/v2\/pages\/108\/revisions\/1927"}],"wp:attachment":[{"href":"https:\/\/elex.link\/elex2021\/wp-json\/wp\/v2\/media?parent=108"}],"curies":[{"name":"wp","href":"https:\/\/api.w.org\/{rel}","templated":true}]}}