{"id":1189,"date":"2018-12-27T09:31:37","date_gmt":"2018-12-27T09:31:37","guid":{"rendered":"https:\/\/elex.link\/elex2019\/?page_id=1189"},"modified":"2020-11-16T00:23:24","modified_gmt":"2020-11-16T00:23:24","slug":"news","status":"publish","type":"page","link":"https:\/\/elex.link\/elex2021\/news\/","title":{"rendered":"News"},"content":{"rendered":"\n<style type=\"text\/css\" data-created_by=\"avia_inline_auto\" id=\"style-css-av-2c2n91-e946455e84b1a524196f12f87256e0e8\">\n.flex_column.av-2c2n91-e946455e84b1a524196f12f87256e0e8{\nborder-radius:0px 0px 0px 0px;\npadding:0px 0px 0px 0px;\n}\n<\/style>\n<div  class='flex_column av-2c2n91-e946455e84b1a524196f12f87256e0e8 av_one_full  avia-builder-el-0  avia-builder-el-no-sibling  first flex_column_div av-zero-column-padding  '     ><div  class='av-alb-blogposts template-blog  '  itemscope=\"itemscope\" itemtype=\"https:\/\/schema.org\/Blog\" ><article class=\"post-entry post-entry-type-standard post-entry-2208 post-loop-1 post-parity-odd bloglist-excerpt  post-2208 post type-post status-publish format-standard hentry category-news\"  itemscope=\"itemscope\" itemtype=\"https:\/\/schema.org\/BlogPosting\" ><div class=\"blog-meta\"><\/div><div class='entry-content-wrapper clearfix standard-content'><header class=\"entry-content-header\" aria-label=\"Post: Instructions for extended abstracts\"><h2 class='post-title entry-title '  itemprop=\"headline\" ><a href=\"https:\/\/elex.link\/elex2021\/instructions-for-extended-abstracts\/\" rel=\"bookmark\" title=\"Permanent Link: Instructions for extended abstracts\">Instructions for extended abstracts<span class=\"post-format-icon minor-meta\"><\/span><\/a><\/h2><span class=\"post-meta-infos\"><time class=\"date-container minor-meta updated\"  itemprop=\"datePublished\" datetime=\"2021-06-22T10:44:07+00:00\" >June 22, 2021<\/time><span class=\"text-sep\">\/<\/span><span class=\"blog-categories minor-meta\">in <a href=\"https:\/\/elex.link\/elex2021\/category\/news\/\" rel=\"tag\">News<\/a><\/span><span class=\"text-sep\">\/<\/span><span class=\"blog-author minor-meta\">by <span class=\"entry-author-link\"  itemprop=\"author\" ><span class=\"author\"><span class=\"fn\"><a href=\"https:\/\/elex.link\/elex2021\/author\/michal\/\" title=\"Posts by Michal Cukr\" rel=\"author\">Michal Cukr<\/a><\/span><\/span><\/span><\/span><\/span><\/header><div class=\"read-more-link\"><a href=\"https:\/\/elex.link\/elex2021\/instructions-for-extended-abstracts\/\" class=\"more-link\">Read more<span class=\"more-link-arrow\"><\/span><\/a><\/div><footer class=\"entry-footer\"><\/footer><div class='post_delimiter'><\/div><\/div><div class=\"post_author_timeline\"><\/div><span class='hidden'>\n\t\t\t\t<span class='av-structured-data'  itemprop=\"image\" itemscope=\"itemscope\" itemtype=\"https:\/\/schema.org\/ImageObject\" >\n\t\t\t\t\t\t<span itemprop='url'>https:\/\/elex.link\/elex2021\/wp-content\/uploads\/2020\/11\/logo_e_lex2021-300x269.png<\/span>\n\t\t\t\t\t\t<span itemprop='height'>0<\/span>\n\t\t\t\t\t\t<span itemprop='width'>0<\/span>\n\t\t\t\t<\/span>\n\t\t\t\t<span class='av-structured-data'  itemprop=\"publisher\" itemtype=\"https:\/\/schema.org\/Organization\" itemscope=\"itemscope\" >\n\t\t\t\t\t\t<span itemprop='name'>Michal Cukr<\/span>\n\t\t\t\t\t\t<span itemprop='logo' itemscope itemtype='https:\/\/schema.org\/ImageObject'>\n\t\t\t\t\t\t\t<span itemprop='url'>https:\/\/elex.link\/elex2021\/wp-content\/uploads\/2020\/11\/logo_e_lex2021-300x269.png<\/span>\n\t\t\t\t\t\t<\/span>\n\t\t\t\t<\/span><span class='av-structured-data'  itemprop=\"author\" itemscope=\"itemscope\" itemtype=\"https:\/\/schema.org\/Person\" ><span itemprop='name'>Michal Cukr<\/span><\/span><span class='av-structured-data'  itemprop=\"datePublished\" datetime=\"2021-06-22T10:44:07+00:00\" >2021-06-22 10:44:07<\/span><span class='av-structured-data'  itemprop=\"dateModified\" itemtype=\"https:\/\/schema.org\/dateModified\" >2021-06-22 14:39:50<\/span><span class='av-structured-data'  itemprop=\"mainEntityOfPage\" itemtype=\"https:\/\/schema.org\/mainEntityOfPage\" ><span itemprop='name'>Instructions for extended abstracts<\/span><\/span><\/span><\/article><article class=\"post-entry post-entry-type-standard post-entry-2108 post-loop-2 post-parity-even bloglist-excerpt  post-2108 post type-post status-publish format-standard hentry category-news\"  itemscope=\"itemscope\" itemtype=\"https:\/\/schema.org\/BlogPosting\" ><div class=\"blog-meta\"><\/div><div class='entry-content-wrapper clearfix standard-content'><header class=\"entry-content-header\" aria-label=\"Post: Instructions for online submissions\"><h2 class='post-title entry-title '  itemprop=\"headline\" ><a href=\"https:\/\/elex.link\/elex2021\/instructions-for-online-submissions\/\" rel=\"bookmark\" title=\"Permanent Link: Instructions for online submissions\">Instructions for online submissions<span class=\"post-format-icon minor-meta\"><\/span><\/a><\/h2><span class=\"post-meta-infos\"><time class=\"date-container minor-meta updated\"  itemprop=\"datePublished\" datetime=\"2021-06-04T06:40:26+00:00\" >June 4, 2021<\/time><span class=\"text-sep\">\/<\/span><span class=\"blog-categories minor-meta\">in <a href=\"https:\/\/elex.link\/elex2021\/category\/news\/\" rel=\"tag\">News<\/a><\/span><span class=\"text-sep\">\/<\/span><span class=\"blog-author minor-meta\">by <span class=\"entry-author-link\"  itemprop=\"author\" ><span class=\"author\"><span class=\"fn\"><a href=\"https:\/\/elex.link\/elex2021\/author\/michal\/\" title=\"Posts by Michal Cukr\" rel=\"author\">Michal Cukr<\/a><\/span><\/span><\/span><\/span><\/span><\/header><p>As you know, this year&#8217;s eLex conference will be held virtually. Therefore, presenting of your accepted submissions needs to be prepared for the online format. Please make sure you prepare your online submissions according to the requirements. You will find them  <a href=\"https:\/\/elex.link\/elex2021\/instructions-for-submissions\/\">here<\/a>.<\/p>\n<div class=\"read-more-link\"><a href=\"https:\/\/elex.link\/elex2021\/instructions-for-online-submissions\/\" class=\"more-link\">Read more<span class=\"more-link-arrow\"><\/span><\/a><\/div><footer class=\"entry-footer\"><\/footer><div class='post_delimiter'><\/div><\/div><div class=\"post_author_timeline\"><\/div><span class='hidden'>\n\t\t\t\t<span class='av-structured-data'  itemprop=\"image\" itemscope=\"itemscope\" itemtype=\"https:\/\/schema.org\/ImageObject\" >\n\t\t\t\t\t\t<span itemprop='url'>https:\/\/elex.link\/elex2021\/wp-content\/uploads\/2020\/11\/logo_e_lex2021-300x269.png<\/span>\n\t\t\t\t\t\t<span itemprop='height'>0<\/span>\n\t\t\t\t\t\t<span itemprop='width'>0<\/span>\n\t\t\t\t<\/span>\n\t\t\t\t<span class='av-structured-data'  itemprop=\"publisher\" itemtype=\"https:\/\/schema.org\/Organization\" itemscope=\"itemscope\" >\n\t\t\t\t\t\t<span itemprop='name'>Michal Cukr<\/span>\n\t\t\t\t\t\t<span itemprop='logo' itemscope itemtype='https:\/\/schema.org\/ImageObject'>\n\t\t\t\t\t\t\t<span itemprop='url'>https:\/\/elex.link\/elex2021\/wp-content\/uploads\/2020\/11\/logo_e_lex2021-300x269.png<\/span>\n\t\t\t\t\t\t<\/span>\n\t\t\t\t<\/span><span class='av-structured-data'  itemprop=\"author\" itemscope=\"itemscope\" itemtype=\"https:\/\/schema.org\/Person\" ><span itemprop='name'>Michal Cukr<\/span><\/span><span class='av-structured-data'  itemprop=\"datePublished\" datetime=\"2021-06-04T06:40:26+00:00\" >2021-06-04 06:40:26<\/span><span class='av-structured-data'  itemprop=\"dateModified\" itemtype=\"https:\/\/schema.org\/dateModified\" >2021-06-07 12:10:58<\/span><span class='av-structured-data'  itemprop=\"mainEntityOfPage\" itemtype=\"https:\/\/schema.org\/mainEntityOfPage\" ><span itemprop='name'>Instructions for online submissions<\/span><\/span><\/span><\/article><article class=\"post-entry post-entry-type-standard post-entry-1186 post-loop-3 post-parity-odd post-entry-last bloglist-excerpt  post-1186 post type-post status-publish format-standard hentry category-news\"  itemscope=\"itemscope\" itemtype=\"https:\/\/schema.org\/BlogPosting\" ><div class=\"blog-meta\"><\/div><div class='entry-content-wrapper clearfix standard-content'><header class=\"entry-content-header\" aria-label=\"Post: eLex 2021 conference will be virtual, 5\u20137 July 2021\"><h2 class='post-title entry-title '  itemprop=\"headline\" ><a href=\"https:\/\/elex.link\/elex2021\/elex-2021-virtual\/\" rel=\"bookmark\" title=\"Permanent Link: eLex 2021 conference will be virtual, 5\u20137 July 2021\">eLex 2021 conference will be virtual, 5\u20137 July 2021<span class=\"post-format-icon minor-meta\"><\/span><\/a><\/h2><span class=\"post-meta-infos\"><time class=\"date-container minor-meta updated\"  itemprop=\"datePublished\" datetime=\"2020-11-11T09:29:41+00:00\" >November 11, 2020<\/time><span class=\"text-sep\">\/<\/span><span class=\"blog-categories minor-meta\">in <a href=\"https:\/\/elex.link\/elex2021\/category\/news\/\" rel=\"tag\">News<\/a><\/span><span class=\"text-sep\">\/<\/span><span class=\"blog-author minor-meta\">by <span class=\"entry-author-link\"  itemprop=\"author\" ><span class=\"author\"><span class=\"fn\"><a href=\"https:\/\/elex.link\/elex2021\/author\/milos\/\" title=\"Posts by Milo\u0161 Jakub\u00ed\u010dek\" rel=\"author\">Milo\u0161 Jakub\u00ed\u010dek<\/a><\/span><\/span><\/span><\/span><\/span><\/header><p>After much deliberation, we decided to hold the eLex conference 2021 virtually. We believe that this format of the conference is the most accessible option for anybody because of possible epidemiological and travel restrictions this year.<br \/>\nThe dates remain the same from 5 to 7 July 2021.<\/p>\n<div class=\"read-more-link\"><a href=\"https:\/\/elex.link\/elex2021\/elex-2021-virtual\/\" class=\"more-link\">Read more<span class=\"more-link-arrow\"><\/span><\/a><\/div><footer class=\"entry-footer\"><\/footer><div class='post_delimiter'><\/div><\/div><div class=\"post_author_timeline\"><\/div><span class='hidden'>\n\t\t\t\t<span class='av-structured-data'  itemprop=\"image\" itemscope=\"itemscope\" itemtype=\"https:\/\/schema.org\/ImageObject\" >\n\t\t\t\t\t\t<span itemprop='url'>https:\/\/elex.link\/elex2021\/wp-content\/uploads\/2020\/11\/logo_e_lex2021-300x269.png<\/span>\n\t\t\t\t\t\t<span itemprop='height'>0<\/span>\n\t\t\t\t\t\t<span itemprop='width'>0<\/span>\n\t\t\t\t<\/span>\n\t\t\t\t<span class='av-structured-data'  itemprop=\"publisher\" itemtype=\"https:\/\/schema.org\/Organization\" itemscope=\"itemscope\" >\n\t\t\t\t\t\t<span itemprop='name'>Milo\u0161 Jakub\u00ed\u010dek<\/span>\n\t\t\t\t\t\t<span itemprop='logo' itemscope itemtype='https:\/\/schema.org\/ImageObject'>\n\t\t\t\t\t\t\t<span itemprop='url'>https:\/\/elex.link\/elex2021\/wp-content\/uploads\/2020\/11\/logo_e_lex2021-300x269.png<\/span>\n\t\t\t\t\t\t<\/span>\n\t\t\t\t<\/span><span class='av-structured-data'  itemprop=\"author\" itemscope=\"itemscope\" itemtype=\"https:\/\/schema.org\/Person\" ><span itemprop='name'>Milo\u0161 Jakub\u00ed\u010dek<\/span><\/span><span class='av-structured-data'  itemprop=\"datePublished\" datetime=\"2020-11-11T09:29:41+00:00\" >2020-11-11 09:29:41<\/span><span class='av-structured-data'  itemprop=\"dateModified\" itemtype=\"https:\/\/schema.org\/dateModified\" >2021-06-07 06:51:48<\/span><span class='av-structured-data'  itemprop=\"mainEntityOfPage\" itemtype=\"https:\/\/schema.org\/mainEntityOfPage\" ><span itemprop='name'>eLex 2021 conference will be virtual, 5\u20137 July 2021<\/span><\/span><\/span><\/article><\/div><\/div>\n","protected":false},"excerpt":{"rendered":"","protected":false},"author":3,"featured_media":0,"parent":0,"menu_order":0,"comment_status":"closed","ping_status":"closed","template":"","meta":{"footnotes":""},"class_list":["post-1189","page","type-page","status-publish","hentry"],"yoast_head":"<!-- This site is optimized with the Yoast SEO plugin v27.4 - https:\/\/yoast.com\/product\/yoast-seo-wordpress\/ -->\n<title>News - eLex 2021<\/title>\n<meta name=\"robots\" content=\"index, follow, max-snippet:-1, max-image-preview:large, max-video-preview:-1\" \/>\n<link rel=\"canonical\" href=\"https:\/\/elex.link\/elex2021\/news\/\" \/>\n<meta property=\"og:locale\" content=\"en_US\" \/>\n<meta property=\"og:type\" content=\"article\" \/>\n<meta property=\"og:title\" content=\"News - eLex 2021\" \/>\n<meta property=\"og:url\" content=\"https:\/\/elex.link\/elex2021\/news\/\" \/>\n<meta property=\"og:site_name\" content=\"eLex 2021\" \/>\n<meta property=\"article:modified_time\" content=\"2020-11-16T00:23:24+00:00\" \/>\n<meta name=\"twitter:card\" content=\"summary_large_image\" \/>\n<meta name=\"twitter:label1\" content=\"Est. reading time\" \/>\n\t<meta name=\"twitter:data1\" content=\"1 minute\" \/>\n<script type=\"application\/ld+json\" class=\"yoast-schema-graph\">{\"@context\":\"https:\\\/\\\/schema.org\",\"@graph\":[{\"@type\":\"WebPage\",\"@id\":\"https:\\\/\\\/elex.link\\\/elex2021\\\/news\\\/\",\"url\":\"https:\\\/\\\/elex.link\\\/elex2021\\\/news\\\/\",\"name\":\"News - eLex 2021\",\"isPartOf\":{\"@id\":\"https:\\\/\\\/elex.link\\\/elex2021\\\/#website\"},\"datePublished\":\"2018-12-27T09:31:37+00:00\",\"dateModified\":\"2020-11-16T00:23:24+00:00\",\"breadcrumb\":{\"@id\":\"https:\\\/\\\/elex.link\\\/elex2021\\\/news\\\/#breadcrumb\"},\"inLanguage\":\"en-US\",\"potentialAction\":[{\"@type\":\"ReadAction\",\"target\":[\"https:\\\/\\\/elex.link\\\/elex2021\\\/news\\\/\"]}]},{\"@type\":\"BreadcrumbList\",\"@id\":\"https:\\\/\\\/elex.link\\\/elex2021\\\/news\\\/#breadcrumb\",\"itemListElement\":[{\"@type\":\"ListItem\",\"position\":1,\"name\":\"Home\",\"item\":\"https:\\\/\\\/elex.link\\\/elex2021\\\/\"},{\"@type\":\"ListItem\",\"position\":2,\"name\":\"News\"}]},{\"@type\":\"WebSite\",\"@id\":\"https:\\\/\\\/elex.link\\\/elex2021\\\/#website\",\"url\":\"https:\\\/\\\/elex.link\\\/elex2021\\\/\",\"name\":\"eLex 2021\",\"description\":\"electronic lexicography in the 21st century\",\"potentialAction\":[{\"@type\":\"SearchAction\",\"target\":{\"@type\":\"EntryPoint\",\"urlTemplate\":\"https:\\\/\\\/elex.link\\\/elex2021\\\/?s={search_term_string}\"},\"query-input\":{\"@type\":\"PropertyValueSpecification\",\"valueRequired\":true,\"valueName\":\"search_term_string\"}}],\"inLanguage\":\"en-US\"}]}<\/script>\n<!-- \/ Yoast SEO plugin. -->","yoast_head_json":{"title":"News - eLex 2021","robots":{"index":"index","follow":"follow","max-snippet":"max-snippet:-1","max-image-preview":"max-image-preview:large","max-video-preview":"max-video-preview:-1"},"canonical":"https:\/\/elex.link\/elex2021\/news\/","og_locale":"en_US","og_type":"article","og_title":"News - eLex 2021","og_url":"https:\/\/elex.link\/elex2021\/news\/","og_site_name":"eLex 2021","article_modified_time":"2020-11-16T00:23:24+00:00","twitter_card":"summary_large_image","twitter_misc":{"Est. reading time":"1 minute"},"schema":{"@context":"https:\/\/schema.org","@graph":[{"@type":"WebPage","@id":"https:\/\/elex.link\/elex2021\/news\/","url":"https:\/\/elex.link\/elex2021\/news\/","name":"News - eLex 2021","isPartOf":{"@id":"https:\/\/elex.link\/elex2021\/#website"},"datePublished":"2018-12-27T09:31:37+00:00","dateModified":"2020-11-16T00:23:24+00:00","breadcrumb":{"@id":"https:\/\/elex.link\/elex2021\/news\/#breadcrumb"},"inLanguage":"en-US","potentialAction":[{"@type":"ReadAction","target":["https:\/\/elex.link\/elex2021\/news\/"]}]},{"@type":"BreadcrumbList","@id":"https:\/\/elex.link\/elex2021\/news\/#breadcrumb","itemListElement":[{"@type":"ListItem","position":1,"name":"Home","item":"https:\/\/elex.link\/elex2021\/"},{"@type":"ListItem","position":2,"name":"News"}]},{"@type":"WebSite","@id":"https:\/\/elex.link\/elex2021\/#website","url":"https:\/\/elex.link\/elex2021\/","name":"eLex 2021","description":"electronic lexicography in the 21st century","potentialAction":[{"@type":"SearchAction","target":{"@type":"EntryPoint","urlTemplate":"https:\/\/elex.link\/elex2021\/?s={search_term_string}"},"query-input":{"@type":"PropertyValueSpecification","valueRequired":true,"valueName":"search_term_string"}}],"inLanguage":"en-US"}]}},"_links":{"self":[{"href":"https:\/\/elex.link\/elex2021\/wp-json\/wp\/v2\/pages\/1189","targetHints":{"allow":["GET"]}}],"collection":[{"href":"https:\/\/elex.link\/elex2021\/wp-json\/wp\/v2\/pages"}],"about":[{"href":"https:\/\/elex.link\/elex2021\/wp-json\/wp\/v2\/types\/page"}],"author":[{"embeddable":true,"href":"https:\/\/elex.link\/elex2021\/wp-json\/wp\/v2\/users\/3"}],"replies":[{"embeddable":true,"href":"https:\/\/elex.link\/elex2021\/wp-json\/wp\/v2\/comments?post=1189"}],"version-history":[{"count":9,"href":"https:\/\/elex.link\/elex2021\/wp-json\/wp\/v2\/pages\/1189\/revisions"}],"predecessor-version":[{"id":1886,"href":"https:\/\/elex.link\/elex2021\/wp-json\/wp\/v2\/pages\/1189\/revisions\/1886"}],"wp:attachment":[{"href":"https:\/\/elex.link\/elex2021\/wp-json\/wp\/v2\/media?parent=1189"}],"curies":[{"name":"wp","href":"https:\/\/api.w.org\/{rel}","templated":true}]}}