{"id":1768,"date":"2019-10-02T06:47:23","date_gmt":"2019-10-02T06:47:23","guid":{"rendered":"https:\/\/elex.link\/elex2019\/?page_id=1768"},"modified":"2021-08-23T12:11:06","modified_gmt":"2021-08-23T12:11:06","slug":"impressum","status":"publish","type":"page","link":"https:\/\/elex.link\/elex2021\/proceedings-download\/impressum\/","title":{"rendered":"Impressum"},"content":{"rendered":"\n<style type=\"text\/css\" data-created_by=\"avia_inline_auto\" id=\"style-css-av-2wdyuw-2d6e6efc8ad28368362bd25a6b8de1c5\">\n.flex_column.av-2wdyuw-2d6e6efc8ad28368362bd25a6b8de1c5{\nborder-radius:0px 0px 0px 0px;\npadding:0px 0px 0px 0px;\n}\n<\/style>\n<div  class='flex_column av-2wdyuw-2d6e6efc8ad28368362bd25a6b8de1c5 av_one_full  avia-builder-el-0  avia-builder-el-no-sibling  first flex_column_div av-zero-column-padding  '     ><section  class='av_textblock_section av-k18wrslb-1a73afc7237997edf57c6b952e41b3d3 '   itemscope=\"itemscope\" itemtype=\"https:\/\/schema.org\/CreativeWork\" ><div class='avia_textblock'  itemprop=\"text\" ><h3><strong>Electronic lexicography in the 21st century.<\/strong><br \/>\n<strong>Proceedings of the eLex 2021 conference.<\/strong><\/h3>\n<p><strong>published by<\/strong> Lexical Computing CZ s.r.o., Brno, Czech Republic<\/p>\n<p><strong>edited by<\/strong> Iztok Kosem, Michal Cukr, Milo\u0161 Jakub\u00ed\u010dek, Jelena Kallas, Simon Krek, Carole Tiberius<\/p>\n<p><strong>proofreading by<\/strong> Paul Steed, Dean DeVos, Jan Nagel<\/p>\n<p><strong>licence<\/strong><\/p>\n<p><a href=\"https:\/\/creativecommons.org\/licenses\/by-sa\/4.0\/\">Creative Commons Attribution-ShareAlike 4.0 International License<\/a><\/p>\n<p>virtual, July 2021<br \/>\nISSN 2533-5626<\/p>\n<\/div><\/section><\/div>\n","protected":false},"excerpt":{"rendered":"","protected":false},"author":3,"featured_media":0,"parent":1143,"menu_order":0,"comment_status":"closed","ping_status":"closed","template":"","meta":{"footnotes":""},"class_list":["post-1768","page","type-page","status-publish","hentry"],"yoast_head":"<!-- This site is optimized with the Yoast SEO plugin v27.3 - https:\/\/yoast.com\/product\/yoast-seo-wordpress\/ -->\n<title>Impressum - eLex 2021<\/title>\n<meta name=\"robots\" content=\"index, follow, max-snippet:-1, max-image-preview:large, max-video-preview:-1\" \/>\n<link rel=\"canonical\" href=\"https:\/\/elex.link\/elex2021\/proceedings-download\/impressum\/\" \/>\n<meta property=\"og:locale\" content=\"en_US\" \/>\n<meta property=\"og:type\" content=\"article\" \/>\n<meta property=\"og:title\" content=\"Impressum - eLex 2021\" \/>\n<meta property=\"og:url\" content=\"https:\/\/elex.link\/elex2021\/proceedings-download\/impressum\/\" \/>\n<meta property=\"og:site_name\" content=\"eLex 2021\" \/>\n<meta property=\"article:modified_time\" content=\"2021-08-23T12:11:06+00:00\" \/>\n<meta name=\"twitter:card\" content=\"summary_large_image\" \/>\n<meta name=\"twitter:label1\" content=\"Est. reading time\" \/>\n\t<meta name=\"twitter:data1\" content=\"1 minute\" \/>\n<script type=\"application\/ld+json\" class=\"yoast-schema-graph\">{\"@context\":\"https:\\\/\\\/schema.org\",\"@graph\":[{\"@type\":\"WebPage\",\"@id\":\"https:\\\/\\\/elex.link\\\/elex2021\\\/proceedings-download\\\/impressum\\\/\",\"url\":\"https:\\\/\\\/elex.link\\\/elex2021\\\/proceedings-download\\\/impressum\\\/\",\"name\":\"Impressum - eLex 2021\",\"isPartOf\":{\"@id\":\"https:\\\/\\\/elex.link\\\/elex2021\\\/#website\"},\"datePublished\":\"2019-10-02T06:47:23+00:00\",\"dateModified\":\"2021-08-23T12:11:06+00:00\",\"breadcrumb\":{\"@id\":\"https:\\\/\\\/elex.link\\\/elex2021\\\/proceedings-download\\\/impressum\\\/#breadcrumb\"},\"inLanguage\":\"en-US\",\"potentialAction\":[{\"@type\":\"ReadAction\",\"target\":[\"https:\\\/\\\/elex.link\\\/elex2021\\\/proceedings-download\\\/impressum\\\/\"]}]},{\"@type\":\"BreadcrumbList\",\"@id\":\"https:\\\/\\\/elex.link\\\/elex2021\\\/proceedings-download\\\/impressum\\\/#breadcrumb\",\"itemListElement\":[{\"@type\":\"ListItem\",\"position\":1,\"name\":\"Home\",\"item\":\"https:\\\/\\\/elex.link\\\/elex2021\\\/\"},{\"@type\":\"ListItem\",\"position\":2,\"name\":\"Proceedings\",\"item\":\"https:\\\/\\\/elex.link\\\/elex2021\\\/proceedings-download\\\/\"},{\"@type\":\"ListItem\",\"position\":3,\"name\":\"Impressum\"}]},{\"@type\":\"WebSite\",\"@id\":\"https:\\\/\\\/elex.link\\\/elex2021\\\/#website\",\"url\":\"https:\\\/\\\/elex.link\\\/elex2021\\\/\",\"name\":\"eLex 2021\",\"description\":\"electronic lexicography in the 21st century\",\"potentialAction\":[{\"@type\":\"SearchAction\",\"target\":{\"@type\":\"EntryPoint\",\"urlTemplate\":\"https:\\\/\\\/elex.link\\\/elex2021\\\/?s={search_term_string}\"},\"query-input\":{\"@type\":\"PropertyValueSpecification\",\"valueRequired\":true,\"valueName\":\"search_term_string\"}}],\"inLanguage\":\"en-US\"}]}<\/script>\n<!-- \/ Yoast SEO plugin. -->","yoast_head_json":{"title":"Impressum - eLex 2021","robots":{"index":"index","follow":"follow","max-snippet":"max-snippet:-1","max-image-preview":"max-image-preview:large","max-video-preview":"max-video-preview:-1"},"canonical":"https:\/\/elex.link\/elex2021\/proceedings-download\/impressum\/","og_locale":"en_US","og_type":"article","og_title":"Impressum - eLex 2021","og_url":"https:\/\/elex.link\/elex2021\/proceedings-download\/impressum\/","og_site_name":"eLex 2021","article_modified_time":"2021-08-23T12:11:06+00:00","twitter_card":"summary_large_image","twitter_misc":{"Est. reading time":"1 minute"},"schema":{"@context":"https:\/\/schema.org","@graph":[{"@type":"WebPage","@id":"https:\/\/elex.link\/elex2021\/proceedings-download\/impressum\/","url":"https:\/\/elex.link\/elex2021\/proceedings-download\/impressum\/","name":"Impressum - eLex 2021","isPartOf":{"@id":"https:\/\/elex.link\/elex2021\/#website"},"datePublished":"2019-10-02T06:47:23+00:00","dateModified":"2021-08-23T12:11:06+00:00","breadcrumb":{"@id":"https:\/\/elex.link\/elex2021\/proceedings-download\/impressum\/#breadcrumb"},"inLanguage":"en-US","potentialAction":[{"@type":"ReadAction","target":["https:\/\/elex.link\/elex2021\/proceedings-download\/impressum\/"]}]},{"@type":"BreadcrumbList","@id":"https:\/\/elex.link\/elex2021\/proceedings-download\/impressum\/#breadcrumb","itemListElement":[{"@type":"ListItem","position":1,"name":"Home","item":"https:\/\/elex.link\/elex2021\/"},{"@type":"ListItem","position":2,"name":"Proceedings","item":"https:\/\/elex.link\/elex2021\/proceedings-download\/"},{"@type":"ListItem","position":3,"name":"Impressum"}]},{"@type":"WebSite","@id":"https:\/\/elex.link\/elex2021\/#website","url":"https:\/\/elex.link\/elex2021\/","name":"eLex 2021","description":"electronic lexicography in the 21st century","potentialAction":[{"@type":"SearchAction","target":{"@type":"EntryPoint","urlTemplate":"https:\/\/elex.link\/elex2021\/?s={search_term_string}"},"query-input":{"@type":"PropertyValueSpecification","valueRequired":true,"valueName":"search_term_string"}}],"inLanguage":"en-US"}]}},"_links":{"self":[{"href":"https:\/\/elex.link\/elex2021\/wp-json\/wp\/v2\/pages\/1768","targetHints":{"allow":["GET"]}}],"collection":[{"href":"https:\/\/elex.link\/elex2021\/wp-json\/wp\/v2\/pages"}],"about":[{"href":"https:\/\/elex.link\/elex2021\/wp-json\/wp\/v2\/types\/page"}],"author":[{"embeddable":true,"href":"https:\/\/elex.link\/elex2021\/wp-json\/wp\/v2\/users\/3"}],"replies":[{"embeddable":true,"href":"https:\/\/elex.link\/elex2021\/wp-json\/wp\/v2\/comments?post=1768"}],"version-history":[{"count":3,"href":"https:\/\/elex.link\/elex2021\/wp-json\/wp\/v2\/pages\/1768\/revisions"}],"predecessor-version":[{"id":2468,"href":"https:\/\/elex.link\/elex2021\/wp-json\/wp\/v2\/pages\/1768\/revisions\/2468"}],"up":[{"embeddable":true,"href":"https:\/\/elex.link\/elex2021\/wp-json\/wp\/v2\/pages\/1143"}],"wp:attachment":[{"href":"https:\/\/elex.link\/elex2021\/wp-json\/wp\/v2\/media?parent=1768"}],"curies":[{"name":"wp","href":"https:\/\/api.w.org\/{rel}","templated":true}]}}