{"id":101,"date":"2022-09-18T08:28:11","date_gmt":"2022-09-18T08:28:11","guid":{"rendered":"https:\/\/elex.link\/elex2017\/?page_id=101"},"modified":"2022-11-14T08:51:23","modified_gmt":"2022-11-14T08:51:23","slug":"organising-committee","status":"publish","type":"page","link":"https:\/\/elex.link\/elex2023\/organising-committee\/","title":{"rendered":"Organising committee"},"content":{"rendered":"\n<style type=\"text\/css\" data-created_by=\"avia_inline_auto\" id=\"style-css-av-6u7x-238991b9959ce2b4747d704fc7a5fcc8\">\n.flex_column.av-6u7x-238991b9959ce2b4747d704fc7a5fcc8{\n-webkit-border-radius:0px 0px 0px 0px;\n-moz-border-radius:0px 0px 0px 0px;\nborder-radius:0px 0px 0px 0px;\npadding:0px 0px 0px 0px;\n}\n<\/style>\n<div class='flex_column av-6u7x-238991b9959ce2b4747d704fc7a5fcc8 av_one_full  avia-builder-el-0  avia-builder-el-no-sibling  first flex_column_div av-zero-column-padding '     ><section  class='av_textblock_section av-hftxh-3f5f317c828457b63fbe714243b965b5'  itemscope=\"itemscope\" itemtype=\"https:\/\/schema.org\/CreativeWork\" ><div class='avia_textblock'  itemprop=\"text\" ><h2>Members of the organizing committee<\/h2>\n<\/div><\/section><br \/>\n<section  class='av_textblock_section av-8errp-799ded85c083f80776078f815aa2cda1'  itemscope=\"itemscope\" itemtype=\"https:\/\/schema.org\/CreativeWork\" ><div class='avia_textblock'  itemprop=\"text\" ><p><strong>Milo\u0161 Jakub\u00ed\u010dek<br \/>\n<\/strong>Lexical Computing CZ s.r.o.<\/p>\n<p><strong>Jelena Kallas<br \/>\n<\/strong>Institute of the Estonian Language<\/p>\n<p><strong>Iztok Kosem<br \/>\n<\/strong>Centre for Applied Linguistics, Trojina \/ Faculty of Arts, University of Ljubljana<\/p>\n<p><strong>Simon Krek<br \/>\n<\/strong>Centre for Language Resources and Technologies, University of Ljubljana \/ \u201cJo\u017eef Stefan\u201d Institute<\/p>\n<p><strong>Carole Tiberius<br \/>\n<\/strong>Dutch Language Institute<\/p>\n<p><strong>Ond\u0159ej Matu\u0161ka<br \/>\n<\/strong>Lexical Computing CZ s.r.o.<\/p>\n<p><strong>Tereza Ol\u0161anov\u00e1<br \/>\n<\/strong>Lexical Computing CZ s.r.o.<\/p>\n<p><strong>Michal Cukr<br \/>\n<\/strong>Lexical Computing CZ s.r.o.<\/p>\n<p><strong>Vlasta Ohl\u00eddalov\u00e1<br \/>\n<\/strong>Lexical Computing CZ s.r.o.<\/p>\n<\/div><\/section><\/p><\/div>\n","protected":false},"excerpt":{"rendered":"","protected":false},"author":1,"featured_media":0,"parent":0,"menu_order":0,"comment_status":"closed","ping_status":"closed","template":"","meta":{"footnotes":""},"class_list":["post-101","page","type-page","status-publish","hentry"],"yoast_head":"<!-- This site is optimized with the Yoast SEO plugin v27.3 - https:\/\/yoast.com\/product\/yoast-seo-wordpress\/ -->\n<title>Organising committee - eLex 2023<\/title>\n<meta name=\"robots\" content=\"index, follow, max-snippet:-1, max-image-preview:large, max-video-preview:-1\" \/>\n<link rel=\"canonical\" href=\"https:\/\/elex.link\/elex2023\/organising-committee\/\" \/>\n<meta property=\"og:locale\" content=\"en_US\" \/>\n<meta property=\"og:type\" content=\"article\" \/>\n<meta property=\"og:title\" content=\"Organising committee - eLex 2023\" \/>\n<meta property=\"og:url\" content=\"https:\/\/elex.link\/elex2023\/organising-committee\/\" \/>\n<meta property=\"og:site_name\" content=\"eLex 2023\" \/>\n<meta property=\"article:publisher\" content=\"https:\/\/www.facebook.com\/elexconference\/\" \/>\n<meta property=\"article:modified_time\" content=\"2022-11-14T08:51:23+00:00\" \/>\n<meta name=\"twitter:card\" content=\"summary_large_image\" \/>\n<meta name=\"twitter:site\" content=\"@elex_conference\" \/>\n<meta name=\"twitter:label1\" content=\"Est. reading time\" \/>\n\t<meta name=\"twitter:data1\" content=\"1 minute\" \/>\n<script type=\"application\/ld+json\" class=\"yoast-schema-graph\">{\"@context\":\"https:\\\/\\\/schema.org\",\"@graph\":[{\"@type\":\"WebPage\",\"@id\":\"https:\\\/\\\/elex.link\\\/elex2023\\\/organising-committee\\\/\",\"url\":\"https:\\\/\\\/elex.link\\\/elex2023\\\/organising-committee\\\/\",\"name\":\"Organising committee - eLex 2023\",\"isPartOf\":{\"@id\":\"https:\\\/\\\/elex.link\\\/elex2023\\\/#website\"},\"datePublished\":\"2022-09-18T08:28:11+00:00\",\"dateModified\":\"2022-11-14T08:51:23+00:00\",\"breadcrumb\":{\"@id\":\"https:\\\/\\\/elex.link\\\/elex2023\\\/organising-committee\\\/#breadcrumb\"},\"inLanguage\":\"en-US\",\"potentialAction\":[{\"@type\":\"ReadAction\",\"target\":[\"https:\\\/\\\/elex.link\\\/elex2023\\\/organising-committee\\\/\"]}]},{\"@type\":\"BreadcrumbList\",\"@id\":\"https:\\\/\\\/elex.link\\\/elex2023\\\/organising-committee\\\/#breadcrumb\",\"itemListElement\":[{\"@type\":\"ListItem\",\"position\":1,\"name\":\"Home\",\"item\":\"https:\\\/\\\/elex.link\\\/elex2023\\\/\"},{\"@type\":\"ListItem\",\"position\":2,\"name\":\"Organising committee\"}]},{\"@type\":\"WebSite\",\"@id\":\"https:\\\/\\\/elex.link\\\/elex2023\\\/#website\",\"url\":\"https:\\\/\\\/elex.link\\\/elex2023\\\/\",\"name\":\"eLex 2023\",\"description\":\"electronic lexicography in the 21st century\",\"publisher\":{\"@id\":\"https:\\\/\\\/elex.link\\\/elex2023\\\/#organization\"},\"potentialAction\":[{\"@type\":\"SearchAction\",\"target\":{\"@type\":\"EntryPoint\",\"urlTemplate\":\"https:\\\/\\\/elex.link\\\/elex2023\\\/?s={search_term_string}\"},\"query-input\":{\"@type\":\"PropertyValueSpecification\",\"valueRequired\":true,\"valueName\":\"search_term_string\"}}],\"inLanguage\":\"en-US\"},{\"@type\":\"Organization\",\"@id\":\"https:\\\/\\\/elex.link\\\/elex2023\\\/#organization\",\"name\":\"electronic lexicography in the 21st century\",\"url\":\"https:\\\/\\\/elex.link\\\/elex2023\\\/\",\"logo\":{\"@type\":\"ImageObject\",\"inLanguage\":\"en-US\",\"@id\":\"https:\\\/\\\/elex.link\\\/elex2023\\\/#\\\/schema\\\/logo\\\/image\\\/\",\"url\":\"https:\\\/\\\/elex.link\\\/elex2023\\\/wp-content\\\/uploads\\\/eLex_2023_logo340x303.png\",\"contentUrl\":\"https:\\\/\\\/elex.link\\\/elex2023\\\/wp-content\\\/uploads\\\/eLex_2023_logo340x303.png\",\"width\":340,\"height\":290,\"caption\":\"electronic lexicography in the 21st century\"},\"image\":{\"@id\":\"https:\\\/\\\/elex.link\\\/elex2023\\\/#\\\/schema\\\/logo\\\/image\\\/\"},\"sameAs\":[\"https:\\\/\\\/www.facebook.com\\\/elexconference\\\/\",\"https:\\\/\\\/x.com\\\/elex_conference\"]}]}<\/script>\n<!-- \/ Yoast SEO plugin. -->","yoast_head_json":{"title":"Organising committee - eLex 2023","robots":{"index":"index","follow":"follow","max-snippet":"max-snippet:-1","max-image-preview":"max-image-preview:large","max-video-preview":"max-video-preview:-1"},"canonical":"https:\/\/elex.link\/elex2023\/organising-committee\/","og_locale":"en_US","og_type":"article","og_title":"Organising committee - eLex 2023","og_url":"https:\/\/elex.link\/elex2023\/organising-committee\/","og_site_name":"eLex 2023","article_publisher":"https:\/\/www.facebook.com\/elexconference\/","article_modified_time":"2022-11-14T08:51:23+00:00","twitter_card":"summary_large_image","twitter_site":"@elex_conference","twitter_misc":{"Est. reading time":"1 minute"},"schema":{"@context":"https:\/\/schema.org","@graph":[{"@type":"WebPage","@id":"https:\/\/elex.link\/elex2023\/organising-committee\/","url":"https:\/\/elex.link\/elex2023\/organising-committee\/","name":"Organising committee - eLex 2023","isPartOf":{"@id":"https:\/\/elex.link\/elex2023\/#website"},"datePublished":"2022-09-18T08:28:11+00:00","dateModified":"2022-11-14T08:51:23+00:00","breadcrumb":{"@id":"https:\/\/elex.link\/elex2023\/organising-committee\/#breadcrumb"},"inLanguage":"en-US","potentialAction":[{"@type":"ReadAction","target":["https:\/\/elex.link\/elex2023\/organising-committee\/"]}]},{"@type":"BreadcrumbList","@id":"https:\/\/elex.link\/elex2023\/organising-committee\/#breadcrumb","itemListElement":[{"@type":"ListItem","position":1,"name":"Home","item":"https:\/\/elex.link\/elex2023\/"},{"@type":"ListItem","position":2,"name":"Organising committee"}]},{"@type":"WebSite","@id":"https:\/\/elex.link\/elex2023\/#website","url":"https:\/\/elex.link\/elex2023\/","name":"eLex 2023","description":"electronic lexicography in the 21st century","publisher":{"@id":"https:\/\/elex.link\/elex2023\/#organization"},"potentialAction":[{"@type":"SearchAction","target":{"@type":"EntryPoint","urlTemplate":"https:\/\/elex.link\/elex2023\/?s={search_term_string}"},"query-input":{"@type":"PropertyValueSpecification","valueRequired":true,"valueName":"search_term_string"}}],"inLanguage":"en-US"},{"@type":"Organization","@id":"https:\/\/elex.link\/elex2023\/#organization","name":"electronic lexicography in the 21st century","url":"https:\/\/elex.link\/elex2023\/","logo":{"@type":"ImageObject","inLanguage":"en-US","@id":"https:\/\/elex.link\/elex2023\/#\/schema\/logo\/image\/","url":"https:\/\/elex.link\/elex2023\/wp-content\/uploads\/eLex_2023_logo340x303.png","contentUrl":"https:\/\/elex.link\/elex2023\/wp-content\/uploads\/eLex_2023_logo340x303.png","width":340,"height":290,"caption":"electronic lexicography in the 21st century"},"image":{"@id":"https:\/\/elex.link\/elex2023\/#\/schema\/logo\/image\/"},"sameAs":["https:\/\/www.facebook.com\/elexconference\/","https:\/\/x.com\/elex_conference"]}]}},"_links":{"self":[{"href":"https:\/\/elex.link\/elex2023\/wp-json\/wp\/v2\/pages\/101","targetHints":{"allow":["GET"]}}],"collection":[{"href":"https:\/\/elex.link\/elex2023\/wp-json\/wp\/v2\/pages"}],"about":[{"href":"https:\/\/elex.link\/elex2023\/wp-json\/wp\/v2\/types\/page"}],"author":[{"embeddable":true,"href":"https:\/\/elex.link\/elex2023\/wp-json\/wp\/v2\/users\/1"}],"replies":[{"embeddable":true,"href":"https:\/\/elex.link\/elex2023\/wp-json\/wp\/v2\/comments?post=101"}],"version-history":[{"count":2,"href":"https:\/\/elex.link\/elex2023\/wp-json\/wp\/v2\/pages\/101\/revisions"}],"predecessor-version":[{"id":2432,"href":"https:\/\/elex.link\/elex2023\/wp-json\/wp\/v2\/pages\/101\/revisions\/2432"}],"wp:attachment":[{"href":"https:\/\/elex.link\/elex2023\/wp-json\/wp\/v2\/media?parent=101"}],"curies":[{"name":"wp","href":"https:\/\/api.w.org\/{rel}","templated":true}]}}