{"id":157,"date":"2022-10-04T15:12:30","date_gmt":"2022-10-04T15:12:30","guid":{"rendered":"https:\/\/elex.link\/elex2017\/?page_id=157"},"modified":"2023-06-14T16:38:56","modified_gmt":"2023-06-14T16:38:56","slug":"venue","status":"publish","type":"page","link":"https:\/\/elex.link\/elex2023\/venue\/","title":{"rendered":"Venue"},"content":{"rendered":"\n<style type=\"text\/css\" data-created_by=\"avia_inline_auto\" id=\"style-css-av-afmhx-2f0526b3ec0c18dbf8c949adb8308fbb\">\n.flex_column.av-afmhx-2f0526b3ec0c18dbf8c949adb8308fbb{\n-webkit-border-radius:0px 0px 0px 0px;\n-moz-border-radius:0px 0px 0px 0px;\nborder-radius:0px 0px 0px 0px;\npadding:0px 0px 0px 0px;\n}\n<\/style>\n<div class='flex_column av-afmhx-2f0526b3ec0c18dbf8c949adb8308fbb av_one_half  avia-builder-el-0  el_before_av_one_half  avia-builder-el-first  first flex_column_div av-zero-column-padding '     ><section  class='av_textblock_section av-2su62t-9149e095586f80766759031727928491'  itemscope=\"itemscope\" itemtype=\"https:\/\/schema.org\/CreativeWork\" ><div class='avia_textblock'  itemprop=\"text\" ><h2>Hotel Passage<\/h2>\n<p>The eLex 2023 conference will take place at <a href=\"https:\/\/www.hotelpassage.eu\/\">Hotel Passage<\/a> in Brno. The hotel is located in the city center with easy transportation options around the venue.<\/p>\n<p>You may take a <a href=\"https:\/\/my.matterport.com\/show\/?m=T1AyJCagD22&amp;sm=2&amp;sr=-2.31,.69,2.53&amp;sp=36.29,29.91,-26.92\">3D tour<\/a> through the hotel facilities.<\/p>\n<h2>Accommodation discount<\/h2>\n<p>We were able to negotiate special rates for you using this <strong>discount code ELEX2023<\/strong>. In order to qualify for the discount, book your accommodation via email: <a href=\"mailto:rezervace@hotelpassage.eu\">rezervace@hotelpassage.eu<\/a> (to provide the promo code).<\/p>\n<p>With the discount code, you will be charged these rates:<\/p>\n<p>Single STANDARD ROOM \u2026 2,740 CZK\/person\/night<br \/>\nDouble STANDARD ROOM &#8230; 3,070 CZK\/person\/night<\/p>\n<p>Single EXECUTIVE \/ JUNIOR SUITE \u2026 3,840 CZK\/person\/night<br \/>\nDouble EXECUTIVE \/ JUNIOR SUITE \u2026 4,170 CZK\/person\/night<\/p>\n<p>(The city tax of 21 CZK\/person\/night is not included.)<\/p>\n<\/div><\/section><br \/>\n\n<style type=\"text\/css\" data-created_by=\"avia_inline_auto\" id=\"style-css-av-jq6hfbz2-90ff0e6aeb713a163f82c2745bb7430a\">\n#top .hr.hr-invisible.av-jq6hfbz2-90ff0e6aeb713a163f82c2745bb7430a{\nheight:30px;\n}\n<\/style>\n<div  class='hr av-jq6hfbz2-90ff0e6aeb713a163f82c2745bb7430a hr-invisible  avia-builder-el-2  el_after_av_textblock  avia-builder-el-last '><span class='hr-inner '><span class=\"hr-inner-style\"><\/span><\/span><\/div><\/p><\/div>\n\n<style type=\"text\/css\" data-created_by=\"avia_inline_auto\" id=\"style-css-av-2ldpq5-75ddc57a3543c69a980d67e2e75e10b3\">\n.flex_column.av-2ldpq5-75ddc57a3543c69a980d67e2e75e10b3{\n-webkit-border-radius:0px 0px 0px 0px;\n-moz-border-radius:0px 0px 0px 0px;\nborder-radius:0px 0px 0px 0px;\npadding:0px 0px 0px 0px;\n}\n<\/style>\n<div class='flex_column av-2ldpq5-75ddc57a3543c69a980d67e2e75e10b3 av_one_half  avia-builder-el-3  el_after_av_one_half  el_before_av_hr  flex_column_div av-zero-column-padding '     ><section  class='av_textblock_section av-l80c7gqp-8dfe7a086b2f7c1c6a1a6540ea8946a4'  itemscope=\"itemscope\" itemtype=\"https:\/\/schema.org\/CreativeWork\" ><div class='avia_textblock'  itemprop=\"text\" ><p><img loading=\"lazy\" decoding=\"async\" class=\"alignnone wp-image-2398\" src=\"https:\/\/elex.link\/elex2023\/wp-content\/uploads\/hotel-passage-2-1030x687.jpg\" alt=\"Hotel Passage\" width=\"750\" height=\"500\" srcset=\"https:\/\/elex.link\/elex2023\/wp-content\/uploads\/hotel-passage-2-1030x687.jpg 1030w, https:\/\/elex.link\/elex2023\/wp-content\/uploads\/hotel-passage-2-300x200.jpg 300w, https:\/\/elex.link\/elex2023\/wp-content\/uploads\/hotel-passage-2-768x512.jpg 768w, https:\/\/elex.link\/elex2023\/wp-content\/uploads\/hotel-passage-2-1536x1024.jpg 1536w, https:\/\/elex.link\/elex2023\/wp-content\/uploads\/hotel-passage-2-1500x1000.jpg 1500w, https:\/\/elex.link\/elex2023\/wp-content\/uploads\/hotel-passage-2-705x470.jpg 705w, https:\/\/elex.link\/elex2023\/wp-content\/uploads\/hotel-passage-2.jpg 1920w\" sizes=\"auto, (max-width: 750px) 100vw, 750px\" \/><\/p>\n<\/div><\/section><\/div>\n\n<style type=\"text\/css\" data-created_by=\"avia_inline_auto\" id=\"style-css-av-2b9fj1-313798433843b7d125e25f4d30d4d6bf\">\n#top .hr.hr-invisible.av-2b9fj1-313798433843b7d125e25f4d30d4d6bf{\nheight:50px;\n}\n<\/style>\n<div  class='hr av-2b9fj1-313798433843b7d125e25f4d30d4d6bf hr-invisible  avia-builder-el-5  el_after_av_one_half  el_before_av_four_fifth '><span class='hr-inner '><span class=\"hr-inner-style\"><\/span><\/span><\/div>\n\n<style type=\"text\/css\" data-created_by=\"avia_inline_auto\" id=\"style-css-av-aq5ct-15f0c404f06740aa3ba9e4b0f550e7a1\">\n.flex_column.av-aq5ct-15f0c404f06740aa3ba9e4b0f550e7a1{\n-webkit-border-radius:0px 0px 0px 0px;\n-moz-border-radius:0px 0px 0px 0px;\nborder-radius:0px 0px 0px 0px;\npadding:0px 0px 0px 0px;\n}\n<\/style>\n<div class='flex_column av-aq5ct-15f0c404f06740aa3ba9e4b0f550e7a1 av_four_fifth  avia-builder-el-6  el_after_av_hr  el_before_av_one_full  first flex_column_div av-zero-column-padding '     ><section  class='av_textblock_section av-livrx4r5-531fea86d9736ee65660b25ef8bad970'  itemscope=\"itemscope\" itemtype=\"https:\/\/schema.org\/CreativeWork\" ><div class='avia_textblock'  itemprop=\"text\" ><h3>How to get to Hotel Passage<\/h3>\n<p>The eLex 2023 venue, Hotel Passage, is in the Brno city centre (the nearest tram stop is &#8220;Anton\u00ednsk\u00e1&#8221;, served by <a href=\"https:\/\/www.idsjmk.cz\/en\/index\">tram 1 and 6<\/a>).<\/p>\n<p>Best airports for Brno:<\/p>\n<ol>\n<li><strong>Brno<\/strong>-Turany Airport (BRQ), 5 km from Brno, 15 mins journey time:\u00a0 Brno only has flights from London Stansted and Milan\/Bergamo. Take the bus number E76 to the centre (the main train station ) from where tram 1 takes you to the hotel.<\/li>\n<li><strong>Vienna<\/strong> International Airport (VIE), 130 km, 2 hours: Vienna is the best airport for Brno (better than Prague!) Direct train and bus connections with <a href=\"https:\/\/www.flixbus.co.uk\/\">FlixBus<\/a>, <a href=\"https:\/\/regiojet.cz\/\">RegioJet<\/a> and <a href=\"https:\/\/gepard.com\">Gepard Express<\/a> offer direct buses. <a href=\"https:\/\/www.cd.cz\/en\/default.htm\">Czech Railways<\/a> has trains with easy connection at Vienna and <a href=\"https:\/\/gepard.com\">Gepard Express<\/a> operates a direct train from Brno the Vienna airport once per day.<\/li>\n<li><strong>Bratislava<\/strong> Airport (BTS), 130 km, 2h30min: Take the number 61 bus or a taxi to the Bratislava main train station and continue by <a href=\"https:\/\/www.cd.cz\/en\/default.htm\">train<\/a> to Brno.<\/li>\n<li><strong>Prague<\/strong> Airport (PRG), 210 km, around 4 hours. The journey requires transferring from the airport bus number 131 to the metro line B and then the line C or using a direct bus Airport Express (AE) to Hlavn\u00ed n\u00e1dra\u017e\u00ed (Main railway station) which lasts a bit longer time. The <a href=\"https:\/\/www.cd.cz\/en\/default.htm\">trains to Brno<\/a> run every hour. The buses run from the main coach station Florenc. (<a href=\"https:\/\/www.flixbus.co.uk\/\">FlixBus<\/a> and <a href=\"https:\/\/regiojet.cz\/\">RegioJet)<\/a><\/li>\n<\/ol>\n<p>Brno can be also reached by international bus lines (<a href=\"https:\/\/regiojet.com\/\">RegioJet<\/a>, <a href=\"https:\/\/regiojet.com\/\">FlixBus<\/a>, <a href=\"https:\/\/www.eurolines.de\/en\/home\/\">Eurolines<\/a>) and international trains (<a href=\"https:\/\/www.cd.cz\/en\/\">Czech Railvays<\/a>, <a href=\"https:\/\/www.oebb.at\/en\/\">Austrian \u00d6BB<\/a>, &#8230;)<\/p>\n<\/div><\/section><\/div>\n<style type=\"text\/css\" data-created_by=\"avia_inline_auto\" id=\"style-css-av-9tdkl-76e259abc11a30fc192a0fb53c4918fa\">\n.flex_column.av-9tdkl-76e259abc11a30fc192a0fb53c4918fa{\n-webkit-border-radius:0px 0px 0px 0px;\n-moz-border-radius:0px 0px 0px 0px;\nborder-radius:0px 0px 0px 0px;\npadding:0px 0px 0px 0px;\n}\n<\/style>\n<div class='flex_column av-9tdkl-76e259abc11a30fc192a0fb53c4918fa av_one_full  avia-builder-el-8  el_after_av_four_fifth  avia-builder-el-last  first flex_column_div av-zero-column-padding '     ><section  class='av_textblock_section av-l80c87zh-5aa4d8488310261db479184ae3c548d4'  itemscope=\"itemscope\" itemtype=\"https:\/\/schema.org\/CreativeWork\" ><div class='avia_textblock'  itemprop=\"text\" ><p><iframe loading=\"lazy\" style=\"border: 0;\" src=\"https:\/\/www.google.com\/maps\/embed?pb=!1m18!1m12!1m3!1d2606.9159495294734!2d16.607093!3d49.202154!2m3!1f0!2f0!3f0!3m2!1i1024!2i768!4f13.1!3m3!1m2!1s0x4712945ca5bed545%3A0x636a7da28c39b000!2sHotel%20Passage!5e0!3m2!1sen!2scz!4v1663082020665!5m2!1sen!2scz\" width=\"1200\" height=\"650\" allowfullscreen=\"allowfullscreen\"><\/iframe><\/p>\n<\/div><\/section><\/div><\/p>\n","protected":false},"excerpt":{"rendered":"","protected":false},"author":1,"featured_media":0,"parent":0,"menu_order":0,"comment_status":"closed","ping_status":"closed","template":"","meta":{"footnotes":""},"class_list":["post-157","page","type-page","status-publish","hentry"],"yoast_head":"<!-- This site is optimized with the Yoast SEO plugin v27.4 - https:\/\/yoast.com\/product\/yoast-seo-wordpress\/ -->\n<title>Venue - eLex 2023<\/title>\n<meta name=\"robots\" content=\"index, follow, max-snippet:-1, max-image-preview:large, max-video-preview:-1\" \/>\n<link rel=\"canonical\" href=\"https:\/\/elex.link\/elex2023\/venue\/\" \/>\n<meta property=\"og:locale\" content=\"en_US\" \/>\n<meta property=\"og:type\" content=\"article\" \/>\n<meta property=\"og:title\" content=\"Venue - eLex 2023\" \/>\n<meta property=\"og:url\" content=\"https:\/\/elex.link\/elex2023\/venue\/\" \/>\n<meta property=\"og:site_name\" content=\"eLex 2023\" \/>\n<meta property=\"article:publisher\" content=\"https:\/\/www.facebook.com\/elexconference\/\" \/>\n<meta property=\"article:modified_time\" content=\"2023-06-14T16:38:56+00:00\" \/>\n<meta property=\"og:image\" content=\"https:\/\/elex.link\/elex2023\/wp-content\/uploads\/hotel-passage-2-1030x687.jpg\" \/>\n<meta name=\"twitter:card\" content=\"summary_large_image\" \/>\n<meta name=\"twitter:site\" content=\"@elex_conference\" \/>\n<meta name=\"twitter:label1\" content=\"Est. reading time\" \/>\n\t<meta name=\"twitter:data1\" content=\"3 minutes\" \/>\n<script type=\"application\/ld+json\" class=\"yoast-schema-graph\">{\"@context\":\"https:\\\/\\\/schema.org\",\"@graph\":[{\"@type\":\"WebPage\",\"@id\":\"https:\\\/\\\/elex.link\\\/elex2023\\\/venue\\\/\",\"url\":\"https:\\\/\\\/elex.link\\\/elex2023\\\/venue\\\/\",\"name\":\"Venue - eLex 2023\",\"isPartOf\":{\"@id\":\"https:\\\/\\\/elex.link\\\/elex2023\\\/#website\"},\"primaryImageOfPage\":{\"@id\":\"https:\\\/\\\/elex.link\\\/elex2023\\\/venue\\\/#primaryimage\"},\"image\":{\"@id\":\"https:\\\/\\\/elex.link\\\/elex2023\\\/venue\\\/#primaryimage\"},\"thumbnailUrl\":\"https:\\\/\\\/elex.link\\\/elex2023\\\/wp-content\\\/uploads\\\/hotel-passage-2-1030x687.jpg\",\"datePublished\":\"2022-10-04T15:12:30+00:00\",\"dateModified\":\"2023-06-14T16:38:56+00:00\",\"breadcrumb\":{\"@id\":\"https:\\\/\\\/elex.link\\\/elex2023\\\/venue\\\/#breadcrumb\"},\"inLanguage\":\"en-US\",\"potentialAction\":[{\"@type\":\"ReadAction\",\"target\":[\"https:\\\/\\\/elex.link\\\/elex2023\\\/venue\\\/\"]}]},{\"@type\":\"ImageObject\",\"inLanguage\":\"en-US\",\"@id\":\"https:\\\/\\\/elex.link\\\/elex2023\\\/venue\\\/#primaryimage\",\"url\":\"https:\\\/\\\/elex.link\\\/elex2023\\\/wp-content\\\/uploads\\\/hotel-passage-2.jpg\",\"contentUrl\":\"https:\\\/\\\/elex.link\\\/elex2023\\\/wp-content\\\/uploads\\\/hotel-passage-2.jpg\",\"width\":1920,\"height\":1280,\"caption\":\"Hotel Passage\"},{\"@type\":\"BreadcrumbList\",\"@id\":\"https:\\\/\\\/elex.link\\\/elex2023\\\/venue\\\/#breadcrumb\",\"itemListElement\":[{\"@type\":\"ListItem\",\"position\":1,\"name\":\"Home\",\"item\":\"https:\\\/\\\/elex.link\\\/elex2023\\\/\"},{\"@type\":\"ListItem\",\"position\":2,\"name\":\"Venue\"}]},{\"@type\":\"WebSite\",\"@id\":\"https:\\\/\\\/elex.link\\\/elex2023\\\/#website\",\"url\":\"https:\\\/\\\/elex.link\\\/elex2023\\\/\",\"name\":\"eLex 2023\",\"description\":\"electronic lexicography in the 21st century\",\"publisher\":{\"@id\":\"https:\\\/\\\/elex.link\\\/elex2023\\\/#organization\"},\"potentialAction\":[{\"@type\":\"SearchAction\",\"target\":{\"@type\":\"EntryPoint\",\"urlTemplate\":\"https:\\\/\\\/elex.link\\\/elex2023\\\/?s={search_term_string}\"},\"query-input\":{\"@type\":\"PropertyValueSpecification\",\"valueRequired\":true,\"valueName\":\"search_term_string\"}}],\"inLanguage\":\"en-US\"},{\"@type\":\"Organization\",\"@id\":\"https:\\\/\\\/elex.link\\\/elex2023\\\/#organization\",\"name\":\"electronic lexicography in the 21st century\",\"url\":\"https:\\\/\\\/elex.link\\\/elex2023\\\/\",\"logo\":{\"@type\":\"ImageObject\",\"inLanguage\":\"en-US\",\"@id\":\"https:\\\/\\\/elex.link\\\/elex2023\\\/#\\\/schema\\\/logo\\\/image\\\/\",\"url\":\"https:\\\/\\\/elex.link\\\/elex2023\\\/wp-content\\\/uploads\\\/eLex_2023_logo340x303.png\",\"contentUrl\":\"https:\\\/\\\/elex.link\\\/elex2023\\\/wp-content\\\/uploads\\\/eLex_2023_logo340x303.png\",\"width\":340,\"height\":290,\"caption\":\"electronic lexicography in the 21st century\"},\"image\":{\"@id\":\"https:\\\/\\\/elex.link\\\/elex2023\\\/#\\\/schema\\\/logo\\\/image\\\/\"},\"sameAs\":[\"https:\\\/\\\/www.facebook.com\\\/elexconference\\\/\",\"https:\\\/\\\/x.com\\\/elex_conference\"]}]}<\/script>\n<!-- \/ Yoast SEO plugin. -->","yoast_head_json":{"title":"Venue - eLex 2023","robots":{"index":"index","follow":"follow","max-snippet":"max-snippet:-1","max-image-preview":"max-image-preview:large","max-video-preview":"max-video-preview:-1"},"canonical":"https:\/\/elex.link\/elex2023\/venue\/","og_locale":"en_US","og_type":"article","og_title":"Venue - eLex 2023","og_url":"https:\/\/elex.link\/elex2023\/venue\/","og_site_name":"eLex 2023","article_publisher":"https:\/\/www.facebook.com\/elexconference\/","article_modified_time":"2023-06-14T16:38:56+00:00","og_image":[{"url":"https:\/\/elex.link\/elex2023\/wp-content\/uploads\/hotel-passage-2-1030x687.jpg","type":"","width":"","height":""}],"twitter_card":"summary_large_image","twitter_site":"@elex_conference","twitter_misc":{"Est. reading time":"3 minutes"},"schema":{"@context":"https:\/\/schema.org","@graph":[{"@type":"WebPage","@id":"https:\/\/elex.link\/elex2023\/venue\/","url":"https:\/\/elex.link\/elex2023\/venue\/","name":"Venue - eLex 2023","isPartOf":{"@id":"https:\/\/elex.link\/elex2023\/#website"},"primaryImageOfPage":{"@id":"https:\/\/elex.link\/elex2023\/venue\/#primaryimage"},"image":{"@id":"https:\/\/elex.link\/elex2023\/venue\/#primaryimage"},"thumbnailUrl":"https:\/\/elex.link\/elex2023\/wp-content\/uploads\/hotel-passage-2-1030x687.jpg","datePublished":"2022-10-04T15:12:30+00:00","dateModified":"2023-06-14T16:38:56+00:00","breadcrumb":{"@id":"https:\/\/elex.link\/elex2023\/venue\/#breadcrumb"},"inLanguage":"en-US","potentialAction":[{"@type":"ReadAction","target":["https:\/\/elex.link\/elex2023\/venue\/"]}]},{"@type":"ImageObject","inLanguage":"en-US","@id":"https:\/\/elex.link\/elex2023\/venue\/#primaryimage","url":"https:\/\/elex.link\/elex2023\/wp-content\/uploads\/hotel-passage-2.jpg","contentUrl":"https:\/\/elex.link\/elex2023\/wp-content\/uploads\/hotel-passage-2.jpg","width":1920,"height":1280,"caption":"Hotel Passage"},{"@type":"BreadcrumbList","@id":"https:\/\/elex.link\/elex2023\/venue\/#breadcrumb","itemListElement":[{"@type":"ListItem","position":1,"name":"Home","item":"https:\/\/elex.link\/elex2023\/"},{"@type":"ListItem","position":2,"name":"Venue"}]},{"@type":"WebSite","@id":"https:\/\/elex.link\/elex2023\/#website","url":"https:\/\/elex.link\/elex2023\/","name":"eLex 2023","description":"electronic lexicography in the 21st century","publisher":{"@id":"https:\/\/elex.link\/elex2023\/#organization"},"potentialAction":[{"@type":"SearchAction","target":{"@type":"EntryPoint","urlTemplate":"https:\/\/elex.link\/elex2023\/?s={search_term_string}"},"query-input":{"@type":"PropertyValueSpecification","valueRequired":true,"valueName":"search_term_string"}}],"inLanguage":"en-US"},{"@type":"Organization","@id":"https:\/\/elex.link\/elex2023\/#organization","name":"electronic lexicography in the 21st century","url":"https:\/\/elex.link\/elex2023\/","logo":{"@type":"ImageObject","inLanguage":"en-US","@id":"https:\/\/elex.link\/elex2023\/#\/schema\/logo\/image\/","url":"https:\/\/elex.link\/elex2023\/wp-content\/uploads\/eLex_2023_logo340x303.png","contentUrl":"https:\/\/elex.link\/elex2023\/wp-content\/uploads\/eLex_2023_logo340x303.png","width":340,"height":290,"caption":"electronic lexicography in the 21st century"},"image":{"@id":"https:\/\/elex.link\/elex2023\/#\/schema\/logo\/image\/"},"sameAs":["https:\/\/www.facebook.com\/elexconference\/","https:\/\/x.com\/elex_conference"]}]}},"_links":{"self":[{"href":"https:\/\/elex.link\/elex2023\/wp-json\/wp\/v2\/pages\/157","targetHints":{"allow":["GET"]}}],"collection":[{"href":"https:\/\/elex.link\/elex2023\/wp-json\/wp\/v2\/pages"}],"about":[{"href":"https:\/\/elex.link\/elex2023\/wp-json\/wp\/v2\/types\/page"}],"author":[{"embeddable":true,"href":"https:\/\/elex.link\/elex2023\/wp-json\/wp\/v2\/users\/1"}],"replies":[{"embeddable":true,"href":"https:\/\/elex.link\/elex2023\/wp-json\/wp\/v2\/comments?post=157"}],"version-history":[{"count":15,"href":"https:\/\/elex.link\/elex2023\/wp-json\/wp\/v2\/pages\/157\/revisions"}],"predecessor-version":[{"id":3109,"href":"https:\/\/elex.link\/elex2023\/wp-json\/wp\/v2\/pages\/157\/revisions\/3109"}],"wp:attachment":[{"href":"https:\/\/elex.link\/elex2023\/wp-json\/wp\/v2\/media?parent=157"}],"curies":[{"name":"wp","href":"https:\/\/api.w.org\/{rel}","templated":true}]}}