{"id":1755,"date":"2022-11-02T06:07:47","date_gmt":"2022-11-02T06:07:47","guid":{"rendered":"https:\/\/elex.link\/elex2019\/?page_id=1755"},"modified":"2023-07-12T13:30:02","modified_gmt":"2023-07-12T13:30:02","slug":"book-of-abstracts","status":"publish","type":"page","link":"https:\/\/elex.link\/elex2023\/book-of-abstracts\/","title":{"rendered":"Book of abstracts"},"content":{"rendered":"\n<style type=\"text\/css\" data-created_by=\"avia_inline_auto\" id=\"style-css-av-4tvokr-cb8963daca7edb6e7e496afdf17851b8\">\n.flex_column.av-4tvokr-cb8963daca7edb6e7e496afdf17851b8{\n-webkit-border-radius:0px 0px 0px 0px;\n-moz-border-radius:0px 0px 0px 0px;\nborder-radius:0px 0px 0px 0px;\npadding:0px 0px 0px 0px;\n}\n<\/style>\n<div class='flex_column av-4tvokr-cb8963daca7edb6e7e496afdf17851b8 av_two_third  avia-builder-el-0  el_before_av_one_third  avia-builder-el-first  first flex_column_div av-zero-column-padding '     ><p><section  class='av_textblock_section av-k18v8yyk-2e68e2e7f6923a439aa25371e2ecdcf4'  itemscope=\"itemscope\" itemtype=\"https:\/\/schema.org\/CreativeWork\" ><div class='avia_textblock'  itemprop=\"text\" ><p>A book of abstracts from the eLex 2023 conference can be downloaded using the link below.<\/p>\n<p>How to cite it:<\/p>\n<p>Medve\u010f, M. &amp; M\u011bchura, M. &amp; Tiberius, C., &amp; Kosem, I. &amp; Kallas, J. &amp; Jakub\u00ed\u010dek, M. &amp; Krek, S. (eds.) (2023). <em>Electronic lexicography in the 21st century (eLex 2023): Invisible Lexicography. Book of abstracts. <\/em>Brno, 27\u201329 June 2023. Brno: Lexical Computing CZ s.r.o.<\/p>\n<\/div><\/section><br \/>\n<div  class='avia-buttonrow-wrap av-k18vcjzq-21559dc1f9fc83295051c3314b442dcd avia-buttonrow-center  avia-builder-el-2  el_after_av_textblock  avia-builder-el-last '>\n\n<style type=\"text\/css\" data-created_by=\"avia_inline_auto\" id=\"style-css-av-2ze7gb-54f59fd4f7782086ed92c9bee53498bd\">\n#top #wrap_all .avia-button.av-2ze7gb-54f59fd4f7782086ed92c9bee53498bd{\nmargin-bottom:5px;\nmargin-right:3px;\nmargin-left:3px;\n}\n<\/style>\n<a href='https:\/\/elex.link\/elex2023\/wp-content\/uploads\/elex2023_book_of_abstracts.pdf'  class='avia-button av-2ze7gb-54f59fd4f7782086ed92c9bee53498bd avia-icon_select-yes-right-icon avia-size-medium av-icon-on-hover avia-color-theme-color'  ><span class='avia_iconbox_title' >DOWNLOAD BOOK OF ABSTRACTS<\/span><span class='avia_button_icon avia_button_icon_right' aria-hidden='true' data-av_icon='\ue82e' data-av_iconfont='entypo-fontello'><\/span><\/a>\n<\/div><\/p><\/div>\n<style type=\"text\/css\" data-created_by=\"avia_inline_auto\" id=\"style-css-av-3amvcr-15468fde4d6adc00c439039b2c9e154a\">\n.flex_column.av-3amvcr-15468fde4d6adc00c439039b2c9e154a{\n-webkit-border-radius:0px 0px 0px 0px;\n-moz-border-radius:0px 0px 0px 0px;\nborder-radius:0px 0px 0px 0px;\npadding:0px 0px 0px 0px;\n}\n<\/style>\n<div class='flex_column av-3amvcr-15468fde4d6adc00c439039b2c9e154a av_one_third  avia-builder-el-3  el_after_av_two_third  avia-builder-el-last  flex_column_div av-zero-column-padding '     ><\/div><\/p>\n","protected":false},"excerpt":{"rendered":"","protected":false},"author":1,"featured_media":0,"parent":0,"menu_order":0,"comment_status":"closed","ping_status":"closed","template":"","meta":{"footnotes":""},"class_list":["post-1755","page","type-page","status-publish","hentry"],"yoast_head":"<!-- This site is optimized with the Yoast SEO plugin v27.4 - https:\/\/yoast.com\/product\/yoast-seo-wordpress\/ -->\n<title>Book of abstracts - eLex 2023<\/title>\n<meta name=\"robots\" content=\"index, follow, max-snippet:-1, max-image-preview:large, max-video-preview:-1\" \/>\n<link rel=\"canonical\" href=\"https:\/\/elex.link\/elex2023\/book-of-abstracts\/\" \/>\n<meta property=\"og:locale\" content=\"en_US\" \/>\n<meta property=\"og:type\" content=\"article\" \/>\n<meta property=\"og:title\" content=\"Book of abstracts - eLex 2023\" \/>\n<meta property=\"og:url\" content=\"https:\/\/elex.link\/elex2023\/book-of-abstracts\/\" \/>\n<meta property=\"og:site_name\" content=\"eLex 2023\" \/>\n<meta property=\"article:publisher\" content=\"https:\/\/www.facebook.com\/elexconference\/\" \/>\n<meta property=\"article:modified_time\" content=\"2023-07-12T13:30:02+00:00\" \/>\n<meta name=\"twitter:card\" content=\"summary_large_image\" \/>\n<meta name=\"twitter:site\" content=\"@elex_conference\" \/>\n<meta name=\"twitter:label1\" content=\"Est. reading time\" \/>\n\t<meta name=\"twitter:data1\" content=\"1 minute\" \/>\n<script type=\"application\/ld+json\" class=\"yoast-schema-graph\">{\"@context\":\"https:\\\/\\\/schema.org\",\"@graph\":[{\"@type\":\"WebPage\",\"@id\":\"https:\\\/\\\/elex.link\\\/elex2023\\\/book-of-abstracts\\\/\",\"url\":\"https:\\\/\\\/elex.link\\\/elex2023\\\/book-of-abstracts\\\/\",\"name\":\"Book of abstracts - eLex 2023\",\"isPartOf\":{\"@id\":\"https:\\\/\\\/elex.link\\\/elex2023\\\/#website\"},\"datePublished\":\"2022-11-02T06:07:47+00:00\",\"dateModified\":\"2023-07-12T13:30:02+00:00\",\"breadcrumb\":{\"@id\":\"https:\\\/\\\/elex.link\\\/elex2023\\\/book-of-abstracts\\\/#breadcrumb\"},\"inLanguage\":\"en-US\",\"potentialAction\":[{\"@type\":\"ReadAction\",\"target\":[\"https:\\\/\\\/elex.link\\\/elex2023\\\/book-of-abstracts\\\/\"]}]},{\"@type\":\"BreadcrumbList\",\"@id\":\"https:\\\/\\\/elex.link\\\/elex2023\\\/book-of-abstracts\\\/#breadcrumb\",\"itemListElement\":[{\"@type\":\"ListItem\",\"position\":1,\"name\":\"Home\",\"item\":\"https:\\\/\\\/elex.link\\\/elex2023\\\/\"},{\"@type\":\"ListItem\",\"position\":2,\"name\":\"Book of abstracts\"}]},{\"@type\":\"WebSite\",\"@id\":\"https:\\\/\\\/elex.link\\\/elex2023\\\/#website\",\"url\":\"https:\\\/\\\/elex.link\\\/elex2023\\\/\",\"name\":\"eLex 2023\",\"description\":\"electronic lexicography in the 21st century\",\"publisher\":{\"@id\":\"https:\\\/\\\/elex.link\\\/elex2023\\\/#organization\"},\"potentialAction\":[{\"@type\":\"SearchAction\",\"target\":{\"@type\":\"EntryPoint\",\"urlTemplate\":\"https:\\\/\\\/elex.link\\\/elex2023\\\/?s={search_term_string}\"},\"query-input\":{\"@type\":\"PropertyValueSpecification\",\"valueRequired\":true,\"valueName\":\"search_term_string\"}}],\"inLanguage\":\"en-US\"},{\"@type\":\"Organization\",\"@id\":\"https:\\\/\\\/elex.link\\\/elex2023\\\/#organization\",\"name\":\"electronic lexicography in the 21st century\",\"url\":\"https:\\\/\\\/elex.link\\\/elex2023\\\/\",\"logo\":{\"@type\":\"ImageObject\",\"inLanguage\":\"en-US\",\"@id\":\"https:\\\/\\\/elex.link\\\/elex2023\\\/#\\\/schema\\\/logo\\\/image\\\/\",\"url\":\"https:\\\/\\\/elex.link\\\/elex2023\\\/wp-content\\\/uploads\\\/eLex_2023_logo340x303.png\",\"contentUrl\":\"https:\\\/\\\/elex.link\\\/elex2023\\\/wp-content\\\/uploads\\\/eLex_2023_logo340x303.png\",\"width\":340,\"height\":290,\"caption\":\"electronic lexicography in the 21st century\"},\"image\":{\"@id\":\"https:\\\/\\\/elex.link\\\/elex2023\\\/#\\\/schema\\\/logo\\\/image\\\/\"},\"sameAs\":[\"https:\\\/\\\/www.facebook.com\\\/elexconference\\\/\",\"https:\\\/\\\/x.com\\\/elex_conference\"]}]}<\/script>\n<!-- \/ Yoast SEO plugin. -->","yoast_head_json":{"title":"Book of abstracts - eLex 2023","robots":{"index":"index","follow":"follow","max-snippet":"max-snippet:-1","max-image-preview":"max-image-preview:large","max-video-preview":"max-video-preview:-1"},"canonical":"https:\/\/elex.link\/elex2023\/book-of-abstracts\/","og_locale":"en_US","og_type":"article","og_title":"Book of abstracts - eLex 2023","og_url":"https:\/\/elex.link\/elex2023\/book-of-abstracts\/","og_site_name":"eLex 2023","article_publisher":"https:\/\/www.facebook.com\/elexconference\/","article_modified_time":"2023-07-12T13:30:02+00:00","twitter_card":"summary_large_image","twitter_site":"@elex_conference","twitter_misc":{"Est. reading time":"1 minute"},"schema":{"@context":"https:\/\/schema.org","@graph":[{"@type":"WebPage","@id":"https:\/\/elex.link\/elex2023\/book-of-abstracts\/","url":"https:\/\/elex.link\/elex2023\/book-of-abstracts\/","name":"Book of abstracts - eLex 2023","isPartOf":{"@id":"https:\/\/elex.link\/elex2023\/#website"},"datePublished":"2022-11-02T06:07:47+00:00","dateModified":"2023-07-12T13:30:02+00:00","breadcrumb":{"@id":"https:\/\/elex.link\/elex2023\/book-of-abstracts\/#breadcrumb"},"inLanguage":"en-US","potentialAction":[{"@type":"ReadAction","target":["https:\/\/elex.link\/elex2023\/book-of-abstracts\/"]}]},{"@type":"BreadcrumbList","@id":"https:\/\/elex.link\/elex2023\/book-of-abstracts\/#breadcrumb","itemListElement":[{"@type":"ListItem","position":1,"name":"Home","item":"https:\/\/elex.link\/elex2023\/"},{"@type":"ListItem","position":2,"name":"Book of abstracts"}]},{"@type":"WebSite","@id":"https:\/\/elex.link\/elex2023\/#website","url":"https:\/\/elex.link\/elex2023\/","name":"eLex 2023","description":"electronic lexicography in the 21st century","publisher":{"@id":"https:\/\/elex.link\/elex2023\/#organization"},"potentialAction":[{"@type":"SearchAction","target":{"@type":"EntryPoint","urlTemplate":"https:\/\/elex.link\/elex2023\/?s={search_term_string}"},"query-input":{"@type":"PropertyValueSpecification","valueRequired":true,"valueName":"search_term_string"}}],"inLanguage":"en-US"},{"@type":"Organization","@id":"https:\/\/elex.link\/elex2023\/#organization","name":"electronic lexicography in the 21st century","url":"https:\/\/elex.link\/elex2023\/","logo":{"@type":"ImageObject","inLanguage":"en-US","@id":"https:\/\/elex.link\/elex2023\/#\/schema\/logo\/image\/","url":"https:\/\/elex.link\/elex2023\/wp-content\/uploads\/eLex_2023_logo340x303.png","contentUrl":"https:\/\/elex.link\/elex2023\/wp-content\/uploads\/eLex_2023_logo340x303.png","width":340,"height":290,"caption":"electronic lexicography in the 21st century"},"image":{"@id":"https:\/\/elex.link\/elex2023\/#\/schema\/logo\/image\/"},"sameAs":["https:\/\/www.facebook.com\/elexconference\/","https:\/\/x.com\/elex_conference"]}]}},"_links":{"self":[{"href":"https:\/\/elex.link\/elex2023\/wp-json\/wp\/v2\/pages\/1755","targetHints":{"allow":["GET"]}}],"collection":[{"href":"https:\/\/elex.link\/elex2023\/wp-json\/wp\/v2\/pages"}],"about":[{"href":"https:\/\/elex.link\/elex2023\/wp-json\/wp\/v2\/types\/page"}],"author":[{"embeddable":true,"href":"https:\/\/elex.link\/elex2023\/wp-json\/wp\/v2\/users\/1"}],"replies":[{"embeddable":true,"href":"https:\/\/elex.link\/elex2023\/wp-json\/wp\/v2\/comments?post=1755"}],"version-history":[{"count":5,"href":"https:\/\/elex.link\/elex2023\/wp-json\/wp\/v2\/pages\/1755\/revisions"}],"predecessor-version":[{"id":3664,"href":"https:\/\/elex.link\/elex2023\/wp-json\/wp\/v2\/pages\/1755\/revisions\/3664"}],"wp:attachment":[{"href":"https:\/\/elex.link\/elex2023\/wp-json\/wp\/v2\/media?parent=1755"}],"curies":[{"name":"wp","href":"https:\/\/api.w.org\/{rel}","templated":true}]}}