{"id":1768,"date":"2019-10-02T06:47:23","date_gmt":"2019-10-02T06:47:23","guid":{"rendered":"https:\/\/elex.link\/elex2019\/?page_id=1768"},"modified":"2023-07-12T13:31:01","modified_gmt":"2023-07-12T13:31:01","slug":"impressum","status":"publish","type":"page","link":"https:\/\/elex.link\/elex2023\/impressum\/","title":{"rendered":"Impressum"},"content":{"rendered":"\n<style type=\"text\/css\" data-created_by=\"avia_inline_auto\" id=\"style-css-av-2wdyuw-2d6e6efc8ad28368362bd25a6b8de1c5\">\n.flex_column.av-2wdyuw-2d6e6efc8ad28368362bd25a6b8de1c5{\n-webkit-border-radius:0px 0px 0px 0px;\n-moz-border-radius:0px 0px 0px 0px;\nborder-radius:0px 0px 0px 0px;\npadding:0px 0px 0px 0px;\n}\n<\/style>\n<div class='flex_column av-2wdyuw-2d6e6efc8ad28368362bd25a6b8de1c5 av_one_full  avia-builder-el-0  avia-builder-el-no-sibling  first flex_column_div av-zero-column-padding '     ><section  class='av_textblock_section av-k18wrslb-2e31d2a465f051e6ae64a631ae587f09'  itemscope=\"itemscope\" itemtype=\"https:\/\/schema.org\/CreativeWork\" ><div class='avia_textblock'  itemprop=\"text\" ><h3><strong>Electronic lexicography in the 21st century.<\/strong><br \/>\n<strong>Proceedings of the eLex 2023 conference.<\/strong><\/h3>\n<p><strong>published by<\/strong> Lexical Computing CZ s.r.o., Brno, Czech Republic<\/p>\n<p><strong>edited by<\/strong> Marek Medve\u010f, Michal M\u011bchura, Iztok Kosem, Jelena Kallas, Carole Tiberius, Milo\u0161 Jakub\u00ed\u010dek, Simon Krek<\/p>\n<p><strong>licence<\/strong><\/p>\n<p><a href=\"https:\/\/creativecommons.org\/licenses\/by-sa\/4.0\/\">Creative Commons Attribution-ShareAlike 4.0 International License<\/a><\/p>\n<p>Brno, Czech Republic, 27\u201329 June 2023<br \/>\nISSN 2533-5626<\/p>\n<\/div><\/section><\/div>\n","protected":false},"excerpt":{"rendered":"","protected":false},"author":1,"featured_media":0,"parent":0,"menu_order":0,"comment_status":"closed","ping_status":"closed","template":"","meta":{"footnotes":""},"class_list":["post-1768","page","type-page","status-publish","hentry"],"yoast_head":"<!-- This site is optimized with the Yoast SEO plugin v27.4 - https:\/\/yoast.com\/product\/yoast-seo-wordpress\/ -->\n<title>Impressum - eLex 2023<\/title>\n<meta name=\"robots\" content=\"index, follow, max-snippet:-1, max-image-preview:large, max-video-preview:-1\" \/>\n<link rel=\"canonical\" href=\"https:\/\/elex.link\/elex2023\/?page_id=1768\" \/>\n<meta property=\"og:locale\" content=\"en_US\" \/>\n<meta property=\"og:type\" content=\"article\" \/>\n<meta property=\"og:title\" content=\"Impressum - eLex 2023\" \/>\n<meta property=\"og:url\" content=\"https:\/\/elex.link\/elex2023\/?page_id=1768\" \/>\n<meta property=\"og:site_name\" content=\"eLex 2023\" \/>\n<meta property=\"article:publisher\" content=\"https:\/\/www.facebook.com\/elexconference\/\" \/>\n<meta property=\"article:modified_time\" content=\"2023-07-12T13:31:01+00:00\" \/>\n<meta name=\"twitter:card\" content=\"summary_large_image\" \/>\n<meta name=\"twitter:site\" content=\"@elex_conference\" \/>\n<meta name=\"twitter:label1\" content=\"Est. reading time\" \/>\n\t<meta name=\"twitter:data1\" content=\"1 minute\" \/>\n<script type=\"application\/ld+json\" class=\"yoast-schema-graph\">{\"@context\":\"https:\\\/\\\/schema.org\",\"@graph\":[{\"@type\":\"WebPage\",\"@id\":\"https:\\\/\\\/elex.link\\\/elex2023\\\/?page_id=1768\",\"url\":\"https:\\\/\\\/elex.link\\\/elex2023\\\/?page_id=1768\",\"name\":\"Impressum - eLex 2023\",\"isPartOf\":{\"@id\":\"https:\\\/\\\/elex.link\\\/elex2023\\\/#website\"},\"datePublished\":\"2019-10-02T06:47:23+00:00\",\"dateModified\":\"2023-07-12T13:31:01+00:00\",\"breadcrumb\":{\"@id\":\"https:\\\/\\\/elex.link\\\/elex2023\\\/?page_id=1768#breadcrumb\"},\"inLanguage\":\"en-US\",\"potentialAction\":[{\"@type\":\"ReadAction\",\"target\":[\"https:\\\/\\\/elex.link\\\/elex2023\\\/?page_id=1768\"]}]},{\"@type\":\"BreadcrumbList\",\"@id\":\"https:\\\/\\\/elex.link\\\/elex2023\\\/?page_id=1768#breadcrumb\",\"itemListElement\":[{\"@type\":\"ListItem\",\"position\":1,\"name\":\"Home\",\"item\":\"https:\\\/\\\/elex.link\\\/elex2023\\\/\"},{\"@type\":\"ListItem\",\"position\":2,\"name\":\"Proceedings\",\"item\":\"https:\\\/\\\/elex.link\\\/elex2023\\\/?page_id=1143\"},{\"@type\":\"ListItem\",\"position\":3,\"name\":\"Impressum\"}]},{\"@type\":\"WebSite\",\"@id\":\"https:\\\/\\\/elex.link\\\/elex2023\\\/#website\",\"url\":\"https:\\\/\\\/elex.link\\\/elex2023\\\/\",\"name\":\"eLex 2023\",\"description\":\"electronic lexicography in the 21st century\",\"publisher\":{\"@id\":\"https:\\\/\\\/elex.link\\\/elex2023\\\/#organization\"},\"potentialAction\":[{\"@type\":\"SearchAction\",\"target\":{\"@type\":\"EntryPoint\",\"urlTemplate\":\"https:\\\/\\\/elex.link\\\/elex2023\\\/?s={search_term_string}\"},\"query-input\":{\"@type\":\"PropertyValueSpecification\",\"valueRequired\":true,\"valueName\":\"search_term_string\"}}],\"inLanguage\":\"en-US\"},{\"@type\":\"Organization\",\"@id\":\"https:\\\/\\\/elex.link\\\/elex2023\\\/#organization\",\"name\":\"electronic lexicography in the 21st century\",\"url\":\"https:\\\/\\\/elex.link\\\/elex2023\\\/\",\"logo\":{\"@type\":\"ImageObject\",\"inLanguage\":\"en-US\",\"@id\":\"https:\\\/\\\/elex.link\\\/elex2023\\\/#\\\/schema\\\/logo\\\/image\\\/\",\"url\":\"https:\\\/\\\/elex.link\\\/elex2023\\\/wp-content\\\/uploads\\\/eLex_2023_logo340x303.png\",\"contentUrl\":\"https:\\\/\\\/elex.link\\\/elex2023\\\/wp-content\\\/uploads\\\/eLex_2023_logo340x303.png\",\"width\":340,\"height\":290,\"caption\":\"electronic lexicography in the 21st century\"},\"image\":{\"@id\":\"https:\\\/\\\/elex.link\\\/elex2023\\\/#\\\/schema\\\/logo\\\/image\\\/\"},\"sameAs\":[\"https:\\\/\\\/www.facebook.com\\\/elexconference\\\/\",\"https:\\\/\\\/x.com\\\/elex_conference\"]}]}<\/script>\n<!-- \/ Yoast SEO plugin. -->","yoast_head_json":{"title":"Impressum - eLex 2023","robots":{"index":"index","follow":"follow","max-snippet":"max-snippet:-1","max-image-preview":"max-image-preview:large","max-video-preview":"max-video-preview:-1"},"canonical":"https:\/\/elex.link\/elex2023\/?page_id=1768","og_locale":"en_US","og_type":"article","og_title":"Impressum - eLex 2023","og_url":"https:\/\/elex.link\/elex2023\/?page_id=1768","og_site_name":"eLex 2023","article_publisher":"https:\/\/www.facebook.com\/elexconference\/","article_modified_time":"2023-07-12T13:31:01+00:00","twitter_card":"summary_large_image","twitter_site":"@elex_conference","twitter_misc":{"Est. reading time":"1 minute"},"schema":{"@context":"https:\/\/schema.org","@graph":[{"@type":"WebPage","@id":"https:\/\/elex.link\/elex2023\/?page_id=1768","url":"https:\/\/elex.link\/elex2023\/?page_id=1768","name":"Impressum - eLex 2023","isPartOf":{"@id":"https:\/\/elex.link\/elex2023\/#website"},"datePublished":"2019-10-02T06:47:23+00:00","dateModified":"2023-07-12T13:31:01+00:00","breadcrumb":{"@id":"https:\/\/elex.link\/elex2023\/?page_id=1768#breadcrumb"},"inLanguage":"en-US","potentialAction":[{"@type":"ReadAction","target":["https:\/\/elex.link\/elex2023\/?page_id=1768"]}]},{"@type":"BreadcrumbList","@id":"https:\/\/elex.link\/elex2023\/?page_id=1768#breadcrumb","itemListElement":[{"@type":"ListItem","position":1,"name":"Home","item":"https:\/\/elex.link\/elex2023\/"},{"@type":"ListItem","position":2,"name":"Proceedings","item":"https:\/\/elex.link\/elex2023\/?page_id=1143"},{"@type":"ListItem","position":3,"name":"Impressum"}]},{"@type":"WebSite","@id":"https:\/\/elex.link\/elex2023\/#website","url":"https:\/\/elex.link\/elex2023\/","name":"eLex 2023","description":"electronic lexicography in the 21st century","publisher":{"@id":"https:\/\/elex.link\/elex2023\/#organization"},"potentialAction":[{"@type":"SearchAction","target":{"@type":"EntryPoint","urlTemplate":"https:\/\/elex.link\/elex2023\/?s={search_term_string}"},"query-input":{"@type":"PropertyValueSpecification","valueRequired":true,"valueName":"search_term_string"}}],"inLanguage":"en-US"},{"@type":"Organization","@id":"https:\/\/elex.link\/elex2023\/#organization","name":"electronic lexicography in the 21st century","url":"https:\/\/elex.link\/elex2023\/","logo":{"@type":"ImageObject","inLanguage":"en-US","@id":"https:\/\/elex.link\/elex2023\/#\/schema\/logo\/image\/","url":"https:\/\/elex.link\/elex2023\/wp-content\/uploads\/eLex_2023_logo340x303.png","contentUrl":"https:\/\/elex.link\/elex2023\/wp-content\/uploads\/eLex_2023_logo340x303.png","width":340,"height":290,"caption":"electronic lexicography in the 21st century"},"image":{"@id":"https:\/\/elex.link\/elex2023\/#\/schema\/logo\/image\/"},"sameAs":["https:\/\/www.facebook.com\/elexconference\/","https:\/\/x.com\/elex_conference"]}]}},"_links":{"self":[{"href":"https:\/\/elex.link\/elex2023\/wp-json\/wp\/v2\/pages\/1768","targetHints":{"allow":["GET"]}}],"collection":[{"href":"https:\/\/elex.link\/elex2023\/wp-json\/wp\/v2\/pages"}],"about":[{"href":"https:\/\/elex.link\/elex2023\/wp-json\/wp\/v2\/types\/page"}],"author":[{"embeddable":true,"href":"https:\/\/elex.link\/elex2023\/wp-json\/wp\/v2\/users\/1"}],"replies":[{"embeddable":true,"href":"https:\/\/elex.link\/elex2023\/wp-json\/wp\/v2\/comments?post=1768"}],"version-history":[{"count":4,"href":"https:\/\/elex.link\/elex2023\/wp-json\/wp\/v2\/pages\/1768\/revisions"}],"predecessor-version":[{"id":3389,"href":"https:\/\/elex.link\/elex2023\/wp-json\/wp\/v2\/pages\/1768\/revisions\/3389"}],"wp:attachment":[{"href":"https:\/\/elex.link\/elex2023\/wp-json\/wp\/v2\/media?parent=1768"}],"curies":[{"name":"wp","href":"https:\/\/api.w.org\/{rel}","templated":true}]}}