{"id":3903,"date":"2025-04-17T08:40:11","date_gmt":"2025-04-17T06:40:11","guid":{"rendered":"https:\/\/elex.link\/elex2025\/?page_id=3903"},"modified":"2025-05-09T13:19:49","modified_gmt":"2025-05-09T11:19:49","slug":"scientific-committee","status":"publish","type":"page","link":"https:\/\/elex.link\/elex2025\/scientific-committee\/","title":{"rendered":"Scientific committee"},"content":{"rendered":"<div class='flex_column av-3zmh9r-82b9fc201f12b3599fda17cc48eaf3fa av_one_full  avia-builder-el-0  el_before_av_one_full  avia-builder-el-first  first flex_column_div '     ><section  class='av_textblock_section av-m9kzju1q-f15e2a837cff1f467dcf79ed39c182d0'  itemscope=\"itemscope\" itemtype=\"https:\/\/schema.org\/CreativeWork\" ><div class='avia_textblock'  itemprop=\"text\" ><h2><span data-teams=\"true\">Members of the scientific committee<\/span><\/h2>\n<\/div><\/section><\/div>\n<div class='flex_column av-2izjof-8e5363292f9ebb094316ed2feed81df0 av_one_full  avia-builder-el-2  el_after_av_one_full  avia-builder-el-last  first flex_column_div column-top-margin'     ><section  class='av_textblock_section av-magpeg52-ec1a76a0d02ef76016e54e3a25e2481c'  itemscope=\"itemscope\" itemtype=\"https:\/\/schema.org\/CreativeWork\" ><div class='avia_textblock'  itemprop=\"text\" ><p>Andrea Abel (European Academy Bolzano\/Bozen)<\/p>\n<p>\u0160pela Arhar Holdt (Centre for Language Resources and Technologies (CJVT), University of Ljubljana)<\/p>\n<p>Lut Colman (Dutch Language Institute)<\/p>\n<p>Ivana Filipovi\u0107 Petrovi\u0107 (Croatian Academy of Sciences)<\/p>\n<p>Polona Gantar (University of Ljubljana)<\/p>\n<p>Yongwei Gao (College of Foreign Languages &#038; Literature, Fudan University)<\/p>\n<p>Radovan Garab\u00edk (\u013d. \u0160t\u00far Institute of Linguistics, Slovak Academy of Sciences)<\/p>\n<p>Alexander Geyken (Berlin-Brandenburgische Akademie der Wissenschaften)<\/p>\n<p>Vojko Gorjanc (University of Ljubljana, Faculty of Arts)<\/p>\n<p>Kris Heylen (Dutch Language Institute)<\/p>\n<p>Louise Holmer (University of Gothenburg)<\/p>\n<p>Milo\u0161 Jakub\u00ed\u010dek (Lexical Computing)<\/p>\n<p>Madis J\u00fcrviste (Institute of the Estonian Language)<\/p>\n<p>Jelena Kallas (Institute of the Estonian Language)<\/p>\n<p>Ilan Kernerman (K Dictionaries)<\/p>\n<p>Annette Klosa-K\u00fcckelhaus (Leibniz-Institut f\u00fcr Deutsche Sprache)<\/p>\n<p>Svetla Koeva (Institute for Bulgarian Language)<\/p>\n<p>Kristina Koppel (Eesti Keele Instituut)<\/p>\n<p>Iztok Kosem (Faculty of Arts, University of Ljubljana)<\/p>\n<p>Vojtech Kovar (Masaryk University, Faculty of Informatics)<\/p>\n<p>Simon Krek (Jo\u017eef Stefan Institute)<\/p>\n<p>Margit Langemets (Institute of the Estonian Language)<\/p>\n<p>Lothar Lemnitzer (Berlin-Brandenburgische Akademie der Wissenschaften)<\/p>\n<p>Pilar Le\u00f3n Ara\u00faz (University of Granada)<\/p>\n<p>Robert Lew (Adam Mickiewicz University)<\/p>\n<p>Veronika Lipp (Hungarian Research Centre for Linguistics)<\/p>\n<p>Nikola Ljube\u0161i\u0107 (Faculty of Humanities and Social Sciences)<\/p>\n<p>Henrik Lorentzen (Society for Danish Language and Literature)<\/p>\n<p>Michal M\u011bchura (Masaryk University, Brno)<\/p>\n<p>Tomasz Michta (University of Bia\u0142ystok)<\/p>\n<p>Monica Monachini (ILC-CNR)<\/p>\n<p>Tina Munda (University of Ljubljana)<\/p>\n<p>Hilary Nesi (Coventry University)<\/p>\n<p>Lionel Nicolas (Institute for Applied Linguistics, Eurac research)<\/p>\n<p>Sanni Nimb (Det Danske Sprog- og Litteraturselskab)<\/p>\n<p>Sussi Olsen (University of Copenhagen, Centre for Language Technology)<\/p>\n<p>Vincent Ooi (National University of Singapore)<\/p>\n<p>Marco Passarotti (Catholic University of the Sacred Heart)<\/p>\n<p>Laurent Romary (INRIA &#038; HUB-ISDL)<\/p>\n<p>Ana Salgado (NOVA Lisbon)<\/p>\n<p>Hindrik Sijens (Fryske Akademy)<\/p>\n<p>Emma Sk\u00f6ldberg (Department of Swedish, University of Gothenburg)<\/p>\n<p>Ranka Stankovi\u0107 (University of Belgrade)<\/p>\n<p>Egon W. Stemle (Eurac Research)<\/p>\n<p>Kristina Strkalj Despot (Institute of Croatian Language and Linguistics)<\/p>\n<p>Arvi Tavast (Institute of the Estonian Language)<\/p>\n<p>Carole Tiberius (Dutch Language Institute)<\/p>\n<p>Yukio Tono (Tokyo University of Foreign Studies)<\/p>\n<p>Lars Trap-Jensen (Society for Danish Language and Literature)<\/p>\n<p>Sascha Wolfer (Institute for the German Language)<\/p>\n<p>Tanara Zingano Kuhn (University of Coimbra)<\/p>\n<\/div><\/section><\/div>\n","protected":false},"excerpt":{"rendered":"","protected":false},"author":106,"featured_media":0,"parent":0,"menu_order":0,"comment_status":"closed","ping_status":"closed","template":"","meta":{"footnotes":""},"class_list":["post-3903","page","type-page","status-publish","hentry"],"yoast_head":"<!-- This site is optimized with the Yoast SEO plugin v27.3 - https:\/\/yoast.com\/product\/yoast-seo-wordpress\/ -->\n<title>Scientific committee - eLex 2025<\/title>\n<meta name=\"robots\" content=\"index, follow, max-snippet:-1, max-image-preview:large, max-video-preview:-1\" \/>\n<link rel=\"canonical\" href=\"https:\/\/elex.link\/elex2025\/scientific-committee\/\" \/>\n<meta property=\"og:locale\" content=\"en_US\" \/>\n<meta property=\"og:type\" content=\"article\" \/>\n<meta property=\"og:title\" content=\"Scientific committee - eLex 2025\" \/>\n<meta property=\"og:url\" content=\"https:\/\/elex.link\/elex2025\/scientific-committee\/\" \/>\n<meta property=\"og:site_name\" content=\"eLex 2025\" \/>\n<meta property=\"article:publisher\" content=\"https:\/\/www.facebook.com\/elexconference\/\" \/>\n<meta property=\"article:modified_time\" content=\"2025-05-09T11:19:49+00:00\" \/>\n<meta name=\"twitter:card\" content=\"summary_large_image\" \/>\n<meta name=\"twitter:site\" content=\"@elex_conference\" \/>\n<meta name=\"twitter:label1\" content=\"Est. reading time\" \/>\n\t<meta name=\"twitter:data1\" content=\"3 minutes\" \/>\n<script type=\"application\/ld+json\" class=\"yoast-schema-graph\">{\"@context\":\"https:\\\/\\\/schema.org\",\"@graph\":[{\"@type\":\"WebPage\",\"@id\":\"https:\\\/\\\/elex.link\\\/elex2025\\\/scientific-committee\\\/\",\"url\":\"https:\\\/\\\/elex.link\\\/elex2025\\\/scientific-committee\\\/\",\"name\":\"Scientific committee - eLex 2025\",\"isPartOf\":{\"@id\":\"https:\\\/\\\/elex.link\\\/elex2025\\\/#website\"},\"datePublished\":\"2025-04-17T06:40:11+00:00\",\"dateModified\":\"2025-05-09T11:19:49+00:00\",\"breadcrumb\":{\"@id\":\"https:\\\/\\\/elex.link\\\/elex2025\\\/scientific-committee\\\/#breadcrumb\"},\"inLanguage\":\"en-US\",\"potentialAction\":[{\"@type\":\"ReadAction\",\"target\":[\"https:\\\/\\\/elex.link\\\/elex2025\\\/scientific-committee\\\/\"]}]},{\"@type\":\"BreadcrumbList\",\"@id\":\"https:\\\/\\\/elex.link\\\/elex2025\\\/scientific-committee\\\/#breadcrumb\",\"itemListElement\":[{\"@type\":\"ListItem\",\"position\":1,\"name\":\"Home\",\"item\":\"https:\\\/\\\/elex.link\\\/elex2025\\\/\"},{\"@type\":\"ListItem\",\"position\":2,\"name\":\"Scientific committee\"}]},{\"@type\":\"WebSite\",\"@id\":\"https:\\\/\\\/elex.link\\\/elex2025\\\/#website\",\"url\":\"https:\\\/\\\/elex.link\\\/elex2025\\\/\",\"name\":\"eLex 2025\",\"description\":\"electronic lexicography in the 21st century\",\"publisher\":{\"@id\":\"https:\\\/\\\/elex.link\\\/elex2025\\\/#organization\"},\"alternateName\":\"conference on electronic lexicography eLex 2025\",\"potentialAction\":[{\"@type\":\"SearchAction\",\"target\":{\"@type\":\"EntryPoint\",\"urlTemplate\":\"https:\\\/\\\/elex.link\\\/elex2025\\\/?s={search_term_string}\"},\"query-input\":{\"@type\":\"PropertyValueSpecification\",\"valueRequired\":true,\"valueName\":\"search_term_string\"}}],\"inLanguage\":\"en-US\"},{\"@type\":\"Organization\",\"@id\":\"https:\\\/\\\/elex.link\\\/elex2025\\\/#organization\",\"name\":\"eLex 2025\",\"alternateName\":\"electronic lexicography in the 21st century\",\"url\":\"https:\\\/\\\/elex.link\\\/elex2025\\\/\",\"logo\":{\"@type\":\"ImageObject\",\"inLanguage\":\"en-US\",\"@id\":\"https:\\\/\\\/elex.link\\\/elex2025\\\/#\\\/schema\\\/logo\\\/image\\\/\",\"url\":\"https:\\\/\\\/elex.link\\\/elex2025\\\/wp-content\\\/uploads\\\/eLex_2025-logo-red-on-white.jpg\",\"contentUrl\":\"https:\\\/\\\/elex.link\\\/elex2025\\\/wp-content\\\/uploads\\\/eLex_2025-logo-red-on-white.jpg\",\"width\":417,\"height\":354,\"caption\":\"eLex 2025\"},\"image\":{\"@id\":\"https:\\\/\\\/elex.link\\\/elex2025\\\/#\\\/schema\\\/logo\\\/image\\\/\"},\"sameAs\":[\"https:\\\/\\\/www.facebook.com\\\/elexconference\\\/\",\"https:\\\/\\\/x.com\\\/elex_conference\"]}]}<\/script>\n<!-- \/ Yoast SEO plugin. -->","yoast_head_json":{"title":"Scientific committee - eLex 2025","robots":{"index":"index","follow":"follow","max-snippet":"max-snippet:-1","max-image-preview":"max-image-preview:large","max-video-preview":"max-video-preview:-1"},"canonical":"https:\/\/elex.link\/elex2025\/scientific-committee\/","og_locale":"en_US","og_type":"article","og_title":"Scientific committee - eLex 2025","og_url":"https:\/\/elex.link\/elex2025\/scientific-committee\/","og_site_name":"eLex 2025","article_publisher":"https:\/\/www.facebook.com\/elexconference\/","article_modified_time":"2025-05-09T11:19:49+00:00","twitter_card":"summary_large_image","twitter_site":"@elex_conference","twitter_misc":{"Est. reading time":"3 minutes"},"schema":{"@context":"https:\/\/schema.org","@graph":[{"@type":"WebPage","@id":"https:\/\/elex.link\/elex2025\/scientific-committee\/","url":"https:\/\/elex.link\/elex2025\/scientific-committee\/","name":"Scientific committee - eLex 2025","isPartOf":{"@id":"https:\/\/elex.link\/elex2025\/#website"},"datePublished":"2025-04-17T06:40:11+00:00","dateModified":"2025-05-09T11:19:49+00:00","breadcrumb":{"@id":"https:\/\/elex.link\/elex2025\/scientific-committee\/#breadcrumb"},"inLanguage":"en-US","potentialAction":[{"@type":"ReadAction","target":["https:\/\/elex.link\/elex2025\/scientific-committee\/"]}]},{"@type":"BreadcrumbList","@id":"https:\/\/elex.link\/elex2025\/scientific-committee\/#breadcrumb","itemListElement":[{"@type":"ListItem","position":1,"name":"Home","item":"https:\/\/elex.link\/elex2025\/"},{"@type":"ListItem","position":2,"name":"Scientific committee"}]},{"@type":"WebSite","@id":"https:\/\/elex.link\/elex2025\/#website","url":"https:\/\/elex.link\/elex2025\/","name":"eLex 2025","description":"electronic lexicography in the 21st century","publisher":{"@id":"https:\/\/elex.link\/elex2025\/#organization"},"alternateName":"conference on electronic lexicography eLex 2025","potentialAction":[{"@type":"SearchAction","target":{"@type":"EntryPoint","urlTemplate":"https:\/\/elex.link\/elex2025\/?s={search_term_string}"},"query-input":{"@type":"PropertyValueSpecification","valueRequired":true,"valueName":"search_term_string"}}],"inLanguage":"en-US"},{"@type":"Organization","@id":"https:\/\/elex.link\/elex2025\/#organization","name":"eLex 2025","alternateName":"electronic lexicography in the 21st century","url":"https:\/\/elex.link\/elex2025\/","logo":{"@type":"ImageObject","inLanguage":"en-US","@id":"https:\/\/elex.link\/elex2025\/#\/schema\/logo\/image\/","url":"https:\/\/elex.link\/elex2025\/wp-content\/uploads\/eLex_2025-logo-red-on-white.jpg","contentUrl":"https:\/\/elex.link\/elex2025\/wp-content\/uploads\/eLex_2025-logo-red-on-white.jpg","width":417,"height":354,"caption":"eLex 2025"},"image":{"@id":"https:\/\/elex.link\/elex2025\/#\/schema\/logo\/image\/"},"sameAs":["https:\/\/www.facebook.com\/elexconference\/","https:\/\/x.com\/elex_conference"]}]}},"_links":{"self":[{"href":"https:\/\/elex.link\/elex2025\/wp-json\/wp\/v2\/pages\/3903","targetHints":{"allow":["GET"]}}],"collection":[{"href":"https:\/\/elex.link\/elex2025\/wp-json\/wp\/v2\/pages"}],"about":[{"href":"https:\/\/elex.link\/elex2025\/wp-json\/wp\/v2\/types\/page"}],"author":[{"embeddable":true,"href":"https:\/\/elex.link\/elex2025\/wp-json\/wp\/v2\/users\/106"}],"replies":[{"embeddable":true,"href":"https:\/\/elex.link\/elex2025\/wp-json\/wp\/v2\/comments?post=3903"}],"version-history":[{"count":5,"href":"https:\/\/elex.link\/elex2025\/wp-json\/wp\/v2\/pages\/3903\/revisions"}],"predecessor-version":[{"id":3915,"href":"https:\/\/elex.link\/elex2025\/wp-json\/wp\/v2\/pages\/3903\/revisions\/3915"}],"wp:attachment":[{"href":"https:\/\/elex.link\/elex2025\/wp-json\/wp\/v2\/media?parent=3903"}],"curies":[{"name":"wp","href":"https:\/\/api.w.org\/{rel}","templated":true}]}}